{"id":275,"date":"2021-10-05T08:32:19","date_gmt":"2021-10-05T08:32:19","guid":{"rendered":"https:\/\/www.margasa.com\/?page_id=275"},"modified":"2021-10-14T10:13:15","modified_gmt":"2021-10-14T10:13:15","slug":"master-1500-2000","status":"publish","type":"page","link":"https:\/\/www.margasa.com\/es\/lineas-de-producto\/reciclaje-textil\/master-1500-2000\/","title":{"rendered":"Master 1500\/2000"},"content":{"rendered":"<p>M\u00e1quina Deshilachadora de alta producci\u00f3n, de 1.500 \u00f3 2.000 mm de ancho, de construcci\u00f3n modular de 1 a 6 tambores o secciones, para el reciclado de residuos textiles como: hilachos, recortes de confecci\u00f3n, orillos de telar, ropa (pre y post consumo), no-tejidos, etc.<\/p>\n<p>Producci\u00f3n de 800 a 3.000 Kg\/h seg\u00fan materias.<\/p>\n","protected":false},"excerpt":{"rendered":"<p>M\u00e1quina Deshilachadora de alta producci\u00f3n, de 1.500 \u00f3 2.000 mm de ancho, de construcci\u00f3n modular de 1 a 6 tambores o secciones, para el reciclado de residuos textiles como: hilachos, recortes de confecci\u00f3n, orillos de telar, ropa (pre y post consumo), no-tejidos, etc. Producci\u00f3n de 800 a 3.000 Kg\/h seg\u00fan materias.<\/p>\n","protected":false},"author":1,"featured_media":907,"parent":158,"menu_order":0,"comment_status":"closed","ping_status":"closed","template":"page-templates\/page-producto.php","meta":{"_acf_changed":false,"footnotes":""},"product_category":[40],"class_list":["post-275","page","type-page","status-publish","has-post-thumbnail","hentry","product_category-diablos-deshilachadores"],"acf":[],"_links":{"self":[{"href":"https:\/\/www.margasa.com\/es\/wp-json\/wp\/v2\/pages\/275","targetHints":{"allow":["GET"]}}],"collection":[{"href":"https:\/\/www.margasa.com\/es\/wp-json\/wp\/v2\/pages"}],"about":[{"href":"https:\/\/www.margasa.com\/es\/wp-json\/wp\/v2\/types\/page"}],"author":[{"embeddable":true,"href":"https:\/\/www.margasa.com\/es\/wp-json\/wp\/v2\/users\/1"}],"replies":[{"embeddable":true,"href":"https:\/\/www.margasa.com\/es\/wp-json\/wp\/v2\/comments?post=275"}],"version-history":[{"count":3,"href":"https:\/\/www.margasa.com\/es\/wp-json\/wp\/v2\/pages\/275\/revisions"}],"predecessor-version":[{"id":1623,"href":"https:\/\/www.margasa.com\/es\/wp-json\/wp\/v2\/pages\/275\/revisions\/1623"}],"up":[{"embeddable":true,"href":"https:\/\/www.margasa.com\/es\/wp-json\/wp\/v2\/pages\/158"}],"wp:featuredmedia":[{"embeddable":true,"href":"https:\/\/www.margasa.com\/es\/wp-json\/wp\/v2\/media\/907"}],"wp:attachment":[{"href":"https:\/\/www.margasa.com\/es\/wp-json\/wp\/v2\/media?parent=275"}],"wp:term":[{"taxonomy":"product_category","embeddable":true,"href":"https:\/\/www.margasa.com\/es\/wp-json\/wp\/v2\/product_category?post=275"}],"curies":[{"name":"wp","href":"https:\/\/api.w.org\/{rel}","templated":true}]}}