{"id":277,"date":"2021-10-05T08:32:31","date_gmt":"2021-10-05T08:32:31","guid":{"rendered":"https:\/\/www.margasa.com\/?page_id=277"},"modified":"2021-10-14T10:15:27","modified_gmt":"2021-10-14T10:15:27","slug":"compak-1000-1500","status":"publish","type":"page","link":"https:\/\/www.margasa.com\/es\/lineas-de-producto\/reciclaje-textil\/compak-1000-1500\/","title":{"rendered":"Compak 1000\/1500"},"content":{"rendered":"<p>M\u00e1quina Deshilachadora de 1.000 \u00f3 1.500 mm de ancho, de construcci\u00f3n modular y de tama\u00f1o reducido dise\u00f1ado para producciones desde 300 hasta 800 Kg\/h\u00a0para obtener la mejor calidad de desfibrado.<\/p>\n","protected":false},"excerpt":{"rendered":"<p>M\u00e1quina Deshilachadora de 1.000 \u00f3 1.500 mm de ancho, de construcci\u00f3n modular y de tama\u00f1o reducido dise\u00f1ado para producciones desde 300 hasta 800 Kg\/h\u00a0para obtener la mejor calidad de desfibrado.<\/p>\n","protected":false},"author":1,"featured_media":968,"parent":158,"menu_order":0,"comment_status":"closed","ping_status":"closed","template":"page-templates\/page-producto.php","meta":{"_acf_changed":false,"footnotes":""},"product_category":[40],"class_list":["post-277","page","type-page","status-publish","has-post-thumbnail","hentry","product_category-diablos-deshilachadores"],"acf":[],"_links":{"self":[{"href":"https:\/\/www.margasa.com\/es\/wp-json\/wp\/v2\/pages\/277","targetHints":{"allow":["GET"]}}],"collection":[{"href":"https:\/\/www.margasa.com\/es\/wp-json\/wp\/v2\/pages"}],"about":[{"href":"https:\/\/www.margasa.com\/es\/wp-json\/wp\/v2\/types\/page"}],"author":[{"embeddable":true,"href":"https:\/\/www.margasa.com\/es\/wp-json\/wp\/v2\/users\/1"}],"replies":[{"embeddable":true,"href":"https:\/\/www.margasa.com\/es\/wp-json\/wp\/v2\/comments?post=277"}],"version-history":[{"count":4,"href":"https:\/\/www.margasa.com\/es\/wp-json\/wp\/v2\/pages\/277\/revisions"}],"predecessor-version":[{"id":1631,"href":"https:\/\/www.margasa.com\/es\/wp-json\/wp\/v2\/pages\/277\/revisions\/1631"}],"up":[{"embeddable":true,"href":"https:\/\/www.margasa.com\/es\/wp-json\/wp\/v2\/pages\/158"}],"wp:featuredmedia":[{"embeddable":true,"href":"https:\/\/www.margasa.com\/es\/wp-json\/wp\/v2\/media\/968"}],"wp:attachment":[{"href":"https:\/\/www.margasa.com\/es\/wp-json\/wp\/v2\/media?parent=277"}],"wp:term":[{"taxonomy":"product_category","embeddable":true,"href":"https:\/\/www.margasa.com\/es\/wp-json\/wp\/v2\/product_category?post=277"}],"curies":[{"name":"wp","href":"https:\/\/api.w.org\/{rel}","templated":true}]}}