{"id":279,"date":"2021-10-05T08:32:56","date_gmt":"2021-10-05T08:32:56","guid":{"rendered":"https:\/\/www.margasa.com\/?page_id=279"},"modified":"2021-10-14T10:18:04","modified_gmt":"2021-10-14T10:18:04","slug":"ultra-compact-line-mini-compak-mr-1000","status":"publish","type":"page","link":"https:\/\/www.margasa.com\/es\/lineas-de-producto\/reciclaje-textil\/ultra-compact-line-mini-compak-mr-1000\/","title":{"rendered":"L\u00ednea ultracompacta: Mini Compak MR-1000"},"content":{"rendered":"<p>M\u00e1quina Deshilachadora de 1.000 mm de ancho, de construcci\u00f3n modular, de 1 a 6 tambores o secciones, con los mismos usos que las l\u00edneas Master o Compak pero de reducidas dimensiones y m\u00ednimos consumos el\u00e9ctricos, pensada para dar respuesta a la necesidad de reciclar peque\u00f1as producciones de hasta 250 kg\/h con la m\u00e1xima calidad de fibra, especialmente para su uso en la hilatura.<\/p>\n","protected":false},"excerpt":{"rendered":"<p>M\u00e1quina Deshilachadora de 1.000 mm de ancho, de construcci\u00f3n modular, de 1 a 6 tambores o secciones, con los mismos usos que las l\u00edneas Master o Compak pero de reducidas dimensiones y m\u00ednimos consumos el\u00e9ctricos, pensada para dar respuesta a la necesidad de reciclar peque\u00f1as producciones de hasta 250 kg\/h con la m\u00e1xima calidad de [&hellip;]<\/p>\n","protected":false},"author":1,"featured_media":985,"parent":158,"menu_order":0,"comment_status":"closed","ping_status":"closed","template":"page-templates\/page-producto.php","meta":{"_acf_changed":false,"footnotes":""},"product_category":[40],"class_list":["post-279","page","type-page","status-publish","has-post-thumbnail","hentry","product_category-diablos-deshilachadores"],"acf":[],"_links":{"self":[{"href":"https:\/\/www.margasa.com\/es\/wp-json\/wp\/v2\/pages\/279","targetHints":{"allow":["GET"]}}],"collection":[{"href":"https:\/\/www.margasa.com\/es\/wp-json\/wp\/v2\/pages"}],"about":[{"href":"https:\/\/www.margasa.com\/es\/wp-json\/wp\/v2\/types\/page"}],"author":[{"embeddable":true,"href":"https:\/\/www.margasa.com\/es\/wp-json\/wp\/v2\/users\/1"}],"replies":[{"embeddable":true,"href":"https:\/\/www.margasa.com\/es\/wp-json\/wp\/v2\/comments?post=279"}],"version-history":[{"count":3,"href":"https:\/\/www.margasa.com\/es\/wp-json\/wp\/v2\/pages\/279\/revisions"}],"predecessor-version":[{"id":1637,"href":"https:\/\/www.margasa.com\/es\/wp-json\/wp\/v2\/pages\/279\/revisions\/1637"}],"up":[{"embeddable":true,"href":"https:\/\/www.margasa.com\/es\/wp-json\/wp\/v2\/pages\/158"}],"wp:featuredmedia":[{"embeddable":true,"href":"https:\/\/www.margasa.com\/es\/wp-json\/wp\/v2\/media\/985"}],"wp:attachment":[{"href":"https:\/\/www.margasa.com\/es\/wp-json\/wp\/v2\/media?parent=279"}],"wp:term":[{"taxonomy":"product_category","embeddable":true,"href":"https:\/\/www.margasa.com\/es\/wp-json\/wp\/v2\/product_category?post=279"}],"curies":[{"name":"wp","href":"https:\/\/api.w.org\/{rel}","templated":true}]}}