{"id":281,"date":"2021-10-05T08:33:06","date_gmt":"2021-10-05T08:33:06","guid":{"rendered":"https:\/\/www.margasa.com\/?page_id=281"},"modified":"2021-10-14T10:22:16","modified_gmt":"2021-10-14T10:22:16","slug":"avant-card-1000-1500","status":"publish","type":"page","link":"https:\/\/www.margasa.com\/es\/lineas-de-producto\/reciclaje-textil\/avant-card-1000-1500\/","title":{"rendered":"Avant Card 1000\/1500"},"content":{"rendered":"<p>M\u00e1quina especialmente dise\u00f1ada para la apertura fina de la materia procesada por una m\u00e1quina deshilachadora. Gracias a su sistema de trabajo, los hilachos que no han sido abiertos previamente son desfibrados de manera suave, obteniendo de ellos la m\u00e1xima longitud de fibra.<\/p>\n<p>Con la nueva tecnolog\u00eda AVANT-CARD se consigue aumentar la calidad de la fibra reciclada que, por tener una longitud media mayor, permite la elaboraci\u00f3n de hilados m\u00e1s finos o mezclar menos fibra de refuerzo para la obtenci\u00f3n del mismo hilo.<\/p>\n<p>Las ventajas en la hilatura son:<\/p>\n<ul>\n<li aria-level=\"1\">Ahorro de fibra de refuerzo<\/li>\n<li aria-level=\"1\">Reducci\u00f3n de la merma en la carda<\/li>\n<li aria-level=\"1\">Mayor durabilidad de la guarnici\u00f3n de la carda<\/li>\n<li aria-level=\"1\">Utilizaci\u00f3n de materias primas de peor calidad para elaborar el mismo hilo.<\/li>\n<\/ul>\n<p>El Avant-Card puede ser instalado al final de la l\u00ednea de reciclaje o en la preparaci\u00f3n de la hilatura, antes de las cardas. En este \u00faltimo caso, adem\u00e1s de su gran poder de apertura, el Avant-Card realiza una mezcla m\u00e1s \u00edntima de las diferentes fibras, haciendo que su distribuci\u00f3n sea m\u00e1s homog\u00e9nea.<\/p>\n<p>Producci\u00f3n hasta 300 kg\/h.<\/p>\n<p><b>Avant-Card 1500<\/b><\/p>\n<p>Nueva m\u00e1quina especialmente dise\u00f1ada para la apertura fina de los sub- productos textiles. Gracias a su sistema de trabajo, los hilachos que no han sido abiertos por la m\u00e1quina Deshilachadora son desfibrados cuidadosamente, obteniendo de ellos la m\u00e1xima longitud de fibra.<\/p>\n<p>Con la nueva tecnolog\u00eda AVANT-CARD se consigue aumentar la calidad de la fibra reciclada que, por tener una longitud media mayor, permite la elaboraci\u00f3n de hilados m\u00e1s finos o mezclar menos fibra de refuerzo para hacer el mismo hilo.<\/p>\n<p>Las ventajas son:<\/p>\n<ul>\n<li>Ahorro de fibra de refuerzo en la hilatura hasta un 40%<\/li>\n<li>Reducci\u00f3n de la merma en la carda hasta un 60%<\/li>\n<li>Utilizaci\u00f3n de materias primas de peor calidad para elaborar el mismo hilo.<\/li>\n<\/ul>\n<p>El AVANT-CARD 1500 puede se instalado al final de la l\u00ednea de reciclaje o en la preparaci\u00f3n de la hilatura Open-End, antes de las cardas. En este \u00faltimo caso, adem\u00e1s de su gran poder de apertura, el AVANT-CARD realiza una mezcla m\u00e1s \u00edntima de las diferentes fibras, haciendo que su distribuci\u00f3n sea m\u00e1s homog\u00e9nea.<\/p>\n","protected":false},"excerpt":{"rendered":"<p>M\u00e1quina especialmente dise\u00f1ada para la apertura fina de la materia procesada por una m\u00e1quina deshilachadora. Gracias a su sistema de trabajo, los hilachos que no han sido abiertos previamente son desfibrados de manera suave, obteniendo de ellos la m\u00e1xima longitud de fibra. Con la nueva tecnolog\u00eda AVANT-CARD se consigue aumentar la calidad de la fibra [&hellip;]<\/p>\n","protected":false},"author":1,"featured_media":1012,"parent":158,"menu_order":0,"comment_status":"closed","ping_status":"closed","template":"page-templates\/page-producto.php","meta":{"_acf_changed":false,"footnotes":""},"product_category":[40],"class_list":["post-281","page","type-page","status-publish","has-post-thumbnail","hentry","product_category-diablos-deshilachadores"],"acf":[],"_links":{"self":[{"href":"https:\/\/www.margasa.com\/es\/wp-json\/wp\/v2\/pages\/281","targetHints":{"allow":["GET"]}}],"collection":[{"href":"https:\/\/www.margasa.com\/es\/wp-json\/wp\/v2\/pages"}],"about":[{"href":"https:\/\/www.margasa.com\/es\/wp-json\/wp\/v2\/types\/page"}],"author":[{"embeddable":true,"href":"https:\/\/www.margasa.com\/es\/wp-json\/wp\/v2\/users\/1"}],"replies":[{"embeddable":true,"href":"https:\/\/www.margasa.com\/es\/wp-json\/wp\/v2\/comments?post=281"}],"version-history":[{"count":4,"href":"https:\/\/www.margasa.com\/es\/wp-json\/wp\/v2\/pages\/281\/revisions"}],"predecessor-version":[{"id":1649,"href":"https:\/\/www.margasa.com\/es\/wp-json\/wp\/v2\/pages\/281\/revisions\/1649"}],"up":[{"embeddable":true,"href":"https:\/\/www.margasa.com\/es\/wp-json\/wp\/v2\/pages\/158"}],"wp:featuredmedia":[{"embeddable":true,"href":"https:\/\/www.margasa.com\/es\/wp-json\/wp\/v2\/media\/1012"}],"wp:attachment":[{"href":"https:\/\/www.margasa.com\/es\/wp-json\/wp\/v2\/media?parent=281"}],"wp:term":[{"taxonomy":"product_category","embeddable":true,"href":"https:\/\/www.margasa.com\/es\/wp-json\/wp\/v2\/product_category?post=281"}],"curies":[{"name":"wp","href":"https:\/\/api.w.org\/{rel}","templated":true}]}}