{"id":283,"date":"2021-10-05T08:33:19","date_gmt":"2021-10-05T08:33:19","guid":{"rendered":"https:\/\/www.margasa.com\/?page_id=283"},"modified":"2021-10-14T13:10:59","modified_gmt":"2021-10-14T13:10:59","slug":"pre-carda-af-1500","status":"publish","type":"page","link":"https:\/\/www.margasa.com\/es\/lineas-de-producto\/reciclaje-textil\/pre-carda-af-1500\/","title":{"rendered":"Pre-Carda AF-1500"},"content":{"rendered":"<p>Abridora especialmente dise\u00f1ada para la limpieza de los restos de trapillos e hilachos no abiertos por la m\u00e1quina deshilachadora. Producci\u00f3n hasta 600 kg\/h.<\/p>\n","protected":false},"excerpt":{"rendered":"<p>Abridora especialmente dise\u00f1ada para la limpieza de los restos de trapillos e hilachos no abiertos por la m\u00e1quina deshilachadora. Producci\u00f3n hasta 600 kg\/h.<\/p>\n","protected":false},"author":1,"featured_media":1034,"parent":158,"menu_order":0,"comment_status":"closed","ping_status":"closed","template":"page-templates\/page-producto.php","meta":{"_acf_changed":false,"footnotes":""},"product_category":[43],"class_list":["post-283","page","type-page","status-publish","has-post-thumbnail","hentry","product_category-apertura-fina"],"acf":[],"_links":{"self":[{"href":"https:\/\/www.margasa.com\/es\/wp-json\/wp\/v2\/pages\/283","targetHints":{"allow":["GET"]}}],"collection":[{"href":"https:\/\/www.margasa.com\/es\/wp-json\/wp\/v2\/pages"}],"about":[{"href":"https:\/\/www.margasa.com\/es\/wp-json\/wp\/v2\/types\/page"}],"author":[{"embeddable":true,"href":"https:\/\/www.margasa.com\/es\/wp-json\/wp\/v2\/users\/1"}],"replies":[{"embeddable":true,"href":"https:\/\/www.margasa.com\/es\/wp-json\/wp\/v2\/comments?post=283"}],"version-history":[{"count":3,"href":"https:\/\/www.margasa.com\/es\/wp-json\/wp\/v2\/pages\/283\/revisions"}],"predecessor-version":[{"id":1654,"href":"https:\/\/www.margasa.com\/es\/wp-json\/wp\/v2\/pages\/283\/revisions\/1654"}],"up":[{"embeddable":true,"href":"https:\/\/www.margasa.com\/es\/wp-json\/wp\/v2\/pages\/158"}],"wp:featuredmedia":[{"embeddable":true,"href":"https:\/\/www.margasa.com\/es\/wp-json\/wp\/v2\/media\/1034"}],"wp:attachment":[{"href":"https:\/\/www.margasa.com\/es\/wp-json\/wp\/v2\/media?parent=283"}],"wp:term":[{"taxonomy":"product_category","embeddable":true,"href":"https:\/\/www.margasa.com\/es\/wp-json\/wp\/v2\/product_category?post=283"}],"curies":[{"name":"wp","href":"https:\/\/api.w.org\/{rel}","templated":true}]}}