{"id":285,"date":"2021-10-05T08:33:26","date_gmt":"2021-10-05T08:33:26","guid":{"rendered":"https:\/\/www.margasa.com\/?page_id=285"},"modified":"2021-10-14T13:30:56","modified_gmt":"2021-10-14T13:30:56","slug":"abridora-de-no-tejidos-de-alta-densidad-ben-1500","status":"publish","type":"page","link":"https:\/\/www.margasa.com\/es\/lineas-de-producto\/reciclaje-textil\/abridora-de-no-tejidos-de-alta-densidad-ben-1500\/","title":{"rendered":"Abridora de no tejidos de alta densidad BEN &#8211; 1500"},"content":{"rendered":"<p>M\u00e1quina dise\u00f1ada especialmente para el reciclaje OFF Line de residuos de no-tejidos con alimentaci\u00f3n manual o neum\u00e1tica.\u00a0 Concepto modular de 1 a 3 tambores dependiendo de la densidad del material a procesar.<\/p>\n","protected":false},"excerpt":{"rendered":"<p>M\u00e1quina dise\u00f1ada especialmente para el reciclaje OFF Line de residuos de no-tejidos con alimentaci\u00f3n manual o neum\u00e1tica.\u00a0 Concepto modular de 1 a 3 tambores dependiendo de la densidad del material a procesar.<\/p>\n","protected":false},"author":1,"featured_media":1048,"parent":158,"menu_order":0,"comment_status":"closed","ping_status":"closed","template":"page-templates\/page-producto.php","meta":{"_acf_changed":false,"footnotes":""},"product_category":[42],"class_list":["post-285","page","type-page","status-publish","has-post-thumbnail","hentry","product_category-reciclaje-de-no-tejidos"],"acf":[],"_links":{"self":[{"href":"https:\/\/www.margasa.com\/es\/wp-json\/wp\/v2\/pages\/285","targetHints":{"allow":["GET"]}}],"collection":[{"href":"https:\/\/www.margasa.com\/es\/wp-json\/wp\/v2\/pages"}],"about":[{"href":"https:\/\/www.margasa.com\/es\/wp-json\/wp\/v2\/types\/page"}],"author":[{"embeddable":true,"href":"https:\/\/www.margasa.com\/es\/wp-json\/wp\/v2\/users\/1"}],"replies":[{"embeddable":true,"href":"https:\/\/www.margasa.com\/es\/wp-json\/wp\/v2\/comments?post=285"}],"version-history":[{"count":3,"href":"https:\/\/www.margasa.com\/es\/wp-json\/wp\/v2\/pages\/285\/revisions"}],"predecessor-version":[{"id":1664,"href":"https:\/\/www.margasa.com\/es\/wp-json\/wp\/v2\/pages\/285\/revisions\/1664"}],"up":[{"embeddable":true,"href":"https:\/\/www.margasa.com\/es\/wp-json\/wp\/v2\/pages\/158"}],"wp:featuredmedia":[{"embeddable":true,"href":"https:\/\/www.margasa.com\/es\/wp-json\/wp\/v2\/media\/1048"}],"wp:attachment":[{"href":"https:\/\/www.margasa.com\/es\/wp-json\/wp\/v2\/media?parent=285"}],"wp:term":[{"taxonomy":"product_category","embeddable":true,"href":"https:\/\/www.margasa.com\/es\/wp-json\/wp\/v2\/product_category?post=285"}],"curies":[{"name":"wp","href":"https:\/\/api.w.org\/{rel}","templated":true}]}}