{"id":295,"date":"2021-10-05T08:34:19","date_gmt":"2021-10-05T08:34:19","guid":{"rendered":"https:\/\/www.margasa.com\/?page_id=295"},"modified":"2021-10-14T13:40:40","modified_gmt":"2021-10-14T13:40:40","slug":"batidora-bl-2500","status":"publish","type":"page","link":"https:\/\/www.margasa.com\/es\/lineas-de-producto\/reciclaje-textil\/batidora-bl-2500\/","title":{"rendered":"Batidora BL-2500"},"content":{"rendered":"<p>M\u00e1quina provista de un tambor con grandes brazos batientes que, gracias a la fuerza centr\u00edfuga y la diferencia de densidades de los materiales, es capaz de separar los objetos extra\u00f1os como hierros, pl\u00e1sticos, piedras, semillas, etc.<\/p>\n<p>La batidora BL es especialmente efectiva cuando se trabaja con desperdicios textiles muy contaminados. Mediante un registro lateral toda parte no textil es expulsada fuera de la m\u00e1quina y deja un material limpio, preparado para el siguiente proceso de apertura.<\/p>\n","protected":false},"excerpt":{"rendered":"<p>M\u00e1quina provista de un tambor con grandes brazos batientes que, gracias a la fuerza centr\u00edfuga y la diferencia de densidades de los materiales, es capaz de separar los objetos extra\u00f1os como hierros, pl\u00e1sticos, piedras, semillas, etc. La batidora BL es especialmente efectiva cuando se trabaja con desperdicios textiles muy contaminados. Mediante un registro lateral toda [&hellip;]<\/p>\n","protected":false},"author":1,"featured_media":1118,"parent":158,"menu_order":0,"comment_status":"closed","ping_status":"closed","template":"page-templates\/page-producto.php","meta":{"_acf_changed":false,"footnotes":""},"product_category":[38],"class_list":["post-295","page","type-page","status-publish","has-post-thumbnail","hentry","product_category-separacion-y-limpieza-de-desperdicio"],"acf":[],"_links":{"self":[{"href":"https:\/\/www.margasa.com\/es\/wp-json\/wp\/v2\/pages\/295","targetHints":{"allow":["GET"]}}],"collection":[{"href":"https:\/\/www.margasa.com\/es\/wp-json\/wp\/v2\/pages"}],"about":[{"href":"https:\/\/www.margasa.com\/es\/wp-json\/wp\/v2\/types\/page"}],"author":[{"embeddable":true,"href":"https:\/\/www.margasa.com\/es\/wp-json\/wp\/v2\/users\/1"}],"replies":[{"embeddable":true,"href":"https:\/\/www.margasa.com\/es\/wp-json\/wp\/v2\/comments?post=295"}],"version-history":[{"count":3,"href":"https:\/\/www.margasa.com\/es\/wp-json\/wp\/v2\/pages\/295\/revisions"}],"predecessor-version":[{"id":1701,"href":"https:\/\/www.margasa.com\/es\/wp-json\/wp\/v2\/pages\/295\/revisions\/1701"}],"up":[{"embeddable":true,"href":"https:\/\/www.margasa.com\/es\/wp-json\/wp\/v2\/pages\/158"}],"wp:featuredmedia":[{"embeddable":true,"href":"https:\/\/www.margasa.com\/es\/wp-json\/wp\/v2\/media\/1118"}],"wp:attachment":[{"href":"https:\/\/www.margasa.com\/es\/wp-json\/wp\/v2\/media?parent=295"}],"wp:term":[{"taxonomy":"product_category","embeddable":true,"href":"https:\/\/www.margasa.com\/es\/wp-json\/wp\/v2\/product_category?post=295"}],"curies":[{"name":"wp","href":"https:\/\/api.w.org\/{rel}","templated":true}]}}