{"id":297,"date":"2021-10-05T08:34:28","date_gmt":"2021-10-05T08:34:28","guid":{"rendered":"https:\/\/www.margasa.com\/?page_id=297"},"modified":"2021-10-14T13:42:28","modified_gmt":"2021-10-14T13:42:28","slug":"cargador-vertical-cvn","status":"publish","type":"page","link":"https:\/\/www.margasa.com\/es\/lineas-de-producto\/reciclaje-textil\/cargador-vertical-cvn\/","title":{"rendered":"Cargador Vertical CVN"},"content":{"rendered":"<p>Cargador para m\u00e1quinas deshilachadoras con llenado a trav\u00e9s de condensador. Dispone de doble compactador de la materia previo a la entrega para una mejor homogenizaci\u00f3n del material.<\/p>\n","protected":false},"excerpt":{"rendered":"<p>Cargador para m\u00e1quinas deshilachadoras con llenado a trav\u00e9s de condensador. Dispone de doble compactador de la materia previo a la entrega para una mejor homogenizaci\u00f3n del material.<\/p>\n","protected":false},"author":1,"featured_media":1141,"parent":158,"menu_order":0,"comment_status":"closed","ping_status":"closed","template":"page-templates\/page-producto.php","meta":{"_acf_changed":false,"footnotes":""},"product_category":[45],"class_list":["post-297","page","type-page","status-publish","has-post-thumbnail","hentry","product_category-alimentacion-y-mezcla"],"acf":[],"_links":{"self":[{"href":"https:\/\/www.margasa.com\/es\/wp-json\/wp\/v2\/pages\/297","targetHints":{"allow":["GET"]}}],"collection":[{"href":"https:\/\/www.margasa.com\/es\/wp-json\/wp\/v2\/pages"}],"about":[{"href":"https:\/\/www.margasa.com\/es\/wp-json\/wp\/v2\/types\/page"}],"author":[{"embeddable":true,"href":"https:\/\/www.margasa.com\/es\/wp-json\/wp\/v2\/users\/1"}],"replies":[{"embeddable":true,"href":"https:\/\/www.margasa.com\/es\/wp-json\/wp\/v2\/comments?post=297"}],"version-history":[{"count":3,"href":"https:\/\/www.margasa.com\/es\/wp-json\/wp\/v2\/pages\/297\/revisions"}],"predecessor-version":[{"id":1708,"href":"https:\/\/www.margasa.com\/es\/wp-json\/wp\/v2\/pages\/297\/revisions\/1708"}],"up":[{"embeddable":true,"href":"https:\/\/www.margasa.com\/es\/wp-json\/wp\/v2\/pages\/158"}],"wp:featuredmedia":[{"embeddable":true,"href":"https:\/\/www.margasa.com\/es\/wp-json\/wp\/v2\/media\/1141"}],"wp:attachment":[{"href":"https:\/\/www.margasa.com\/es\/wp-json\/wp\/v2\/media?parent=297"}],"wp:term":[{"taxonomy":"product_category","embeddable":true,"href":"https:\/\/www.margasa.com\/es\/wp-json\/wp\/v2\/product_category?post=297"}],"curies":[{"name":"wp","href":"https:\/\/api.w.org\/{rel}","templated":true}]}}