{"id":299,"date":"2021-10-05T08:34:37","date_gmt":"2021-10-05T08:34:37","guid":{"rendered":"https:\/\/www.margasa.com\/?page_id=299"},"modified":"2021-11-26T10:16:24","modified_gmt":"2021-11-26T10:16:24","slug":"cortadora-cmt-900","status":"publish","type":"page","link":"https:\/\/www.margasa.com\/es\/lineas-de-producto\/reciclaje-textil\/cortadora-cmt-900\/","title":{"rendered":"Cortadora CMT-900"},"content":{"rendered":"<p>Cortadora Rotativa de desperdicios textiles de ancho 900 mm, con detector de metales opcional, grupo de entrada desplazable sobre gu\u00edas para el f\u00e1cil mantenimiento de las cuchillas. Producci\u00f3n de hasta 5.000 Kg \/ h seg\u00fan materias.<\/p>\n","protected":false},"excerpt":{"rendered":"<p>Cortadora Rotativa de desperdicios textiles de ancho 900 mm, con detector de metales opcional, grupo de entrada desplazable sobre gu\u00edas para el f\u00e1cil mantenimiento de las cuchillas. Producci\u00f3n de hasta 5.000 Kg \/ h seg\u00fan materias.<\/p>\n","protected":false},"author":1,"featured_media":1166,"parent":158,"menu_order":0,"comment_status":"closed","ping_status":"closed","template":"page-templates\/page-producto.php","meta":{"_acf_changed":false,"footnotes":""},"product_category":[44],"class_list":["post-299","page","type-page","status-publish","has-post-thumbnail","hentry","product_category-cortadoras"],"acf":[],"_links":{"self":[{"href":"https:\/\/www.margasa.com\/es\/wp-json\/wp\/v2\/pages\/299","targetHints":{"allow":["GET"]}}],"collection":[{"href":"https:\/\/www.margasa.com\/es\/wp-json\/wp\/v2\/pages"}],"about":[{"href":"https:\/\/www.margasa.com\/es\/wp-json\/wp\/v2\/types\/page"}],"author":[{"embeddable":true,"href":"https:\/\/www.margasa.com\/es\/wp-json\/wp\/v2\/users\/1"}],"replies":[{"embeddable":true,"href":"https:\/\/www.margasa.com\/es\/wp-json\/wp\/v2\/comments?post=299"}],"version-history":[{"count":4,"href":"https:\/\/www.margasa.com\/es\/wp-json\/wp\/v2\/pages\/299\/revisions"}],"predecessor-version":[{"id":2327,"href":"https:\/\/www.margasa.com\/es\/wp-json\/wp\/v2\/pages\/299\/revisions\/2327"}],"up":[{"embeddable":true,"href":"https:\/\/www.margasa.com\/es\/wp-json\/wp\/v2\/pages\/158"}],"wp:featuredmedia":[{"embeddable":true,"href":"https:\/\/www.margasa.com\/es\/wp-json\/wp\/v2\/media\/1166"}],"wp:attachment":[{"href":"https:\/\/www.margasa.com\/es\/wp-json\/wp\/v2\/media?parent=299"}],"wp:term":[{"taxonomy":"product_category","embeddable":true,"href":"https:\/\/www.margasa.com\/es\/wp-json\/wp\/v2\/product_category?post=299"}],"curies":[{"name":"wp","href":"https:\/\/api.w.org\/{rel}","templated":true}]}}