{"id":307,"date":"2021-10-05T08:40:10","date_gmt":"2021-10-05T08:40:10","guid":{"rendered":"https:\/\/www.margasa.com\/?page_id=307"},"modified":"2021-10-21T11:11:58","modified_gmt":"2021-10-21T11:11:58","slug":"linea-de-mezclas-con-abridoras-pesadoras-en-continuo-apc-150","status":"publish","type":"page","link":"https:\/\/www.margasa.com\/es\/lineas-de-producto\/no-tejidos-napadora\/linea-de-mezclas-con-abridoras-pesadoras-en-continuo-apc-150\/","title":{"rendered":"L\u00ednea de mezclas con abridoras pesadoras en continuo APC-150"},"content":{"rendered":"<p>Sistema de abridoras y mezcladoras de balas de fibras con pesado de materia a la continua. Este sistema permite obtener precisi\u00f3n en las proporciones de fibra y a la vez una gran producci\u00f3n.<\/p>\n<p>Se pueden instalar tantas abridoras como sean necesarias para trabajar con la f\u00f3rmula de cada material que necesite diferentes mezclas y para obtener el mayor volumen de fabricaci\u00f3n posible, evitando en este punto cualquier cuello de botella.<\/p>\n","protected":false},"excerpt":{"rendered":"<p>Sistema de abridoras y mezcladoras de balas de fibras con pesado de materia a la continua. Este sistema permite obtener precisi\u00f3n en las proporciones de fibra y a la vez una gran producci\u00f3n. Se pueden instalar tantas abridoras como sean necesarias para trabajar con la f\u00f3rmula de cada material que necesite diferentes mezclas y para [&hellip;]<\/p>\n","protected":false},"author":1,"featured_media":1273,"parent":160,"menu_order":0,"comment_status":"closed","ping_status":"closed","template":"page-templates\/page-producto.php","meta":{"_acf_changed":false,"footnotes":""},"product_category":[37],"class_list":["post-307","page","type-page","status-publish","has-post-thumbnail","hentry","product_category-preparacion-y-mezcla-de-fibras"],"acf":[],"_links":{"self":[{"href":"https:\/\/www.margasa.com\/es\/wp-json\/wp\/v2\/pages\/307","targetHints":{"allow":["GET"]}}],"collection":[{"href":"https:\/\/www.margasa.com\/es\/wp-json\/wp\/v2\/pages"}],"about":[{"href":"https:\/\/www.margasa.com\/es\/wp-json\/wp\/v2\/types\/page"}],"author":[{"embeddable":true,"href":"https:\/\/www.margasa.com\/es\/wp-json\/wp\/v2\/users\/1"}],"replies":[{"embeddable":true,"href":"https:\/\/www.margasa.com\/es\/wp-json\/wp\/v2\/comments?post=307"}],"version-history":[{"count":3,"href":"https:\/\/www.margasa.com\/es\/wp-json\/wp\/v2\/pages\/307\/revisions"}],"predecessor-version":[{"id":1751,"href":"https:\/\/www.margasa.com\/es\/wp-json\/wp\/v2\/pages\/307\/revisions\/1751"}],"up":[{"embeddable":true,"href":"https:\/\/www.margasa.com\/es\/wp-json\/wp\/v2\/pages\/160"}],"wp:featuredmedia":[{"embeddable":true,"href":"https:\/\/www.margasa.com\/es\/wp-json\/wp\/v2\/media\/1273"}],"wp:attachment":[{"href":"https:\/\/www.margasa.com\/es\/wp-json\/wp\/v2\/media?parent=307"}],"wp:term":[{"taxonomy":"product_category","embeddable":true,"href":"https:\/\/www.margasa.com\/es\/wp-json\/wp\/v2\/product_category?post=307"}],"curies":[{"name":"wp","href":"https:\/\/api.w.org\/{rel}","templated":true}]}}