{"id":313,"date":"2021-10-05T08:40:44","date_gmt":"2021-10-05T08:40:44","guid":{"rendered":"https:\/\/www.margasa.com\/?page_id=313"},"modified":"2021-10-21T11:21:49","modified_gmt":"2021-10-21T11:21:49","slug":"cargador-auto-regulador-cna","status":"publish","type":"page","link":"https:\/\/www.margasa.com\/es\/lineas-de-producto\/no-tejidos-napadora\/cargador-auto-regulador-cna\/","title":{"rendered":"Cargador Auto-regulador CNA"},"content":{"rendered":"<p>Cargador de alta precisi\u00f3n que alimenta a la napadora neum\u00e1tica (Airlay). Dispone de\u00a0varios compartimentos transversales en los que se organiza la fibra para poder garantizar una mayor uniformidad de alimentaci\u00f3n no solo longitudinalmente sino tambi\u00e9n al ancho.<\/p>\n<p>Un sistema de c\u00e9lulas de carga asegura que\u00a0el\u00a0peso de la manta de\u00a0fibras que son alimentadas desde este cargador sea constante.<\/p>\n","protected":false},"excerpt":{"rendered":"<p>Cargador de alta precisi\u00f3n que alimenta a la napadora neum\u00e1tica (Airlay). Dispone de\u00a0varios compartimentos transversales en los que se organiza la fibra para poder garantizar una mayor uniformidad de alimentaci\u00f3n no solo longitudinalmente sino tambi\u00e9n al ancho. Un sistema de c\u00e9lulas de carga asegura que\u00a0el\u00a0peso de la manta de\u00a0fibras que son alimentadas desde este cargador [&hellip;]<\/p>\n","protected":false},"author":1,"featured_media":1336,"parent":160,"menu_order":0,"comment_status":"closed","ping_status":"closed","template":"page-templates\/page-producto.php","meta":{"_acf_changed":false,"footnotes":""},"product_category":[36],"class_list":["post-313","page","type-page","status-publish","has-post-thumbnail","hentry","product_category-formacion-de-napa"],"acf":[],"_links":{"self":[{"href":"https:\/\/www.margasa.com\/es\/wp-json\/wp\/v2\/pages\/313","targetHints":{"allow":["GET"]}}],"collection":[{"href":"https:\/\/www.margasa.com\/es\/wp-json\/wp\/v2\/pages"}],"about":[{"href":"https:\/\/www.margasa.com\/es\/wp-json\/wp\/v2\/types\/page"}],"author":[{"embeddable":true,"href":"https:\/\/www.margasa.com\/es\/wp-json\/wp\/v2\/users\/1"}],"replies":[{"embeddable":true,"href":"https:\/\/www.margasa.com\/es\/wp-json\/wp\/v2\/comments?post=313"}],"version-history":[{"count":3,"href":"https:\/\/www.margasa.com\/es\/wp-json\/wp\/v2\/pages\/313\/revisions"}],"predecessor-version":[{"id":1776,"href":"https:\/\/www.margasa.com\/es\/wp-json\/wp\/v2\/pages\/313\/revisions\/1776"}],"up":[{"embeddable":true,"href":"https:\/\/www.margasa.com\/es\/wp-json\/wp\/v2\/pages\/160"}],"wp:featuredmedia":[{"embeddable":true,"href":"https:\/\/www.margasa.com\/es\/wp-json\/wp\/v2\/media\/1336"}],"wp:attachment":[{"href":"https:\/\/www.margasa.com\/es\/wp-json\/wp\/v2\/media?parent=313"}],"wp:term":[{"taxonomy":"product_category","embeddable":true,"href":"https:\/\/www.margasa.com\/es\/wp-json\/wp\/v2\/product_category?post=313"}],"curies":[{"name":"wp","href":"https:\/\/api.w.org\/{rel}","templated":true}]}}