{"id":315,"date":"2021-10-05T08:40:53","date_gmt":"2021-10-05T08:40:53","guid":{"rendered":"https:\/\/www.margasa.com\/?page_id=315"},"modified":"2021-10-21T11:26:32","modified_gmt":"2021-10-21T11:26:32","slug":"napadora-neumatica-feltech","status":"publish","type":"page","link":"https:\/\/www.margasa.com\/es\/lineas-de-producto\/no-tejidos-napadora\/napadora-neumatica-feltech\/","title":{"rendered":"Napadora Neum\u00e1tica Feltech"},"content":{"rendered":"<p>Napadora neum\u00e1tica Feltech dise\u00f1ada especialmente para la producci\u00f3n de napas formadas por fibras textiles, recicladas\u00a0o v\u00edrgenes. con gramajes que van desde 350 g\/m2\u00a0a 3.500 g\/m2<\/p>\n<p>Adaptada para el uso de resinas.<\/p>\n<p>La napa elaborada puede ser consolidada posteriormente mediante un proceso f\u00edsico: punzonado; o qu\u00edmico, termofijado, dando como resultado una gran variedad de productos como fieltros aislantes, tapas de colchones, filtros, geotextiles, bajo alfombras, etc.<\/p>\n<p>Producci\u00f3n: hasta m\u00e1s de 3.000 kg\/h dependiendo del tipo de fibra y la densidad de la napa. Ancho hasta 3.000 mm.<\/p>\n","protected":false},"excerpt":{"rendered":"<p>Napadora neum\u00e1tica Feltech dise\u00f1ada especialmente para la producci\u00f3n de napas formadas por fibras textiles, recicladas\u00a0o v\u00edrgenes. con gramajes que van desde 350 g\/m2\u00a0a 3.500 g\/m2 Adaptada para el uso de resinas. La napa elaborada puede ser consolidada posteriormente mediante un proceso f\u00edsico: punzonado; o qu\u00edmico, termofijado, dando como resultado una gran variedad de productos como [&hellip;]<\/p>\n","protected":false},"author":1,"featured_media":1345,"parent":160,"menu_order":0,"comment_status":"closed","ping_status":"closed","template":"page-templates\/page-producto.php","meta":{"_acf_changed":false,"footnotes":""},"product_category":[36],"class_list":["post-315","page","type-page","status-publish","has-post-thumbnail","hentry","product_category-formacion-de-napa"],"acf":[],"_links":{"self":[{"href":"https:\/\/www.margasa.com\/es\/wp-json\/wp\/v2\/pages\/315","targetHints":{"allow":["GET"]}}],"collection":[{"href":"https:\/\/www.margasa.com\/es\/wp-json\/wp\/v2\/pages"}],"about":[{"href":"https:\/\/www.margasa.com\/es\/wp-json\/wp\/v2\/types\/page"}],"author":[{"embeddable":true,"href":"https:\/\/www.margasa.com\/es\/wp-json\/wp\/v2\/users\/1"}],"replies":[{"embeddable":true,"href":"https:\/\/www.margasa.com\/es\/wp-json\/wp\/v2\/comments?post=315"}],"version-history":[{"count":3,"href":"https:\/\/www.margasa.com\/es\/wp-json\/wp\/v2\/pages\/315\/revisions"}],"predecessor-version":[{"id":1785,"href":"https:\/\/www.margasa.com\/es\/wp-json\/wp\/v2\/pages\/315\/revisions\/1785"}],"up":[{"embeddable":true,"href":"https:\/\/www.margasa.com\/es\/wp-json\/wp\/v2\/pages\/160"}],"wp:featuredmedia":[{"embeddable":true,"href":"https:\/\/www.margasa.com\/es\/wp-json\/wp\/v2\/media\/1345"}],"wp:attachment":[{"href":"https:\/\/www.margasa.com\/es\/wp-json\/wp\/v2\/media?parent=315"}],"wp:term":[{"taxonomy":"product_category","embeddable":true,"href":"https:\/\/www.margasa.com\/es\/wp-json\/wp\/v2\/product_category?post=315"}],"curies":[{"name":"wp","href":"https:\/\/api.w.org\/{rel}","templated":true}]}}