{"id":328,"date":"2021-10-05T10:51:34","date_gmt":"2021-10-05T10:51:34","guid":{"rendered":"https:\/\/www.margasa.com\/?page_id=328"},"modified":"2021-10-21T11:43:19","modified_gmt":"2021-10-21T11:43:19","slug":"sistemas-de-consolidacion-de-tejido","status":"publish","type":"page","link":"https:\/\/www.margasa.com\/es\/lineas-de-producto\/no-tejidos-napadora\/sistemas-de-consolidacion-de-tejido\/","title":{"rendered":"Sistemas de consolidaci\u00f3n de tejido"},"content":{"rendered":"<p>B\u00e1sicamente existen tres m\u00e9todos de consolidaci\u00f3n el no tejido, uno mec\u00e1nico, otro con fibras textiles especiales y otro qu\u00edmico:<\/p>\n<ul>\n<li aria-level=\"1\">El sistema mec\u00e1nico consiste en la utilizaci\u00f3n de pre-punzonadoras y\/o punzonadoras, dependiendo de la densidad y uso final del producto obtenido.<\/li>\n<li aria-level=\"1\">Se pueden usar fibras especiales termofusibles, de modo que se mezclan con el resto de fibras y as\u00ed en el proceso de termo-fijado estas fibras funden y unen al resto.<\/li>\n<li aria-level=\"1\">Otro m\u00e9todo para la consolidaci\u00f3n de las fibras es mediante la adici\u00f3n de resinas en polvo (termofusibles), que pueden ser termoestables o no.<\/li>\n<\/ul>\n<p>Debido a la gran variedad de posibilidades, valoraremos en cada proyecto que se nos solicite el uso de cada una de estas posibilidades.<\/p>\n","protected":false},"excerpt":{"rendered":"<p>B\u00e1sicamente existen tres m\u00e9todos de consolidaci\u00f3n el no tejido, uno mec\u00e1nico, otro con fibras textiles especiales y otro qu\u00edmico: El sistema mec\u00e1nico consiste en la utilizaci\u00f3n de pre-punzonadoras y\/o punzonadoras, dependiendo de la densidad y uso final del producto obtenido. Se pueden usar fibras especiales termofusibles, de modo que se mezclan con el resto de [&hellip;]<\/p>\n","protected":false},"author":1,"featured_media":1396,"parent":160,"menu_order":0,"comment_status":"closed","ping_status":"closed","template":"page-templates\/page-producto.php","meta":{"_acf_changed":false,"footnotes":""},"product_category":[],"class_list":["post-328","page","type-page","status-publish","has-post-thumbnail","hentry"],"acf":[],"_links":{"self":[{"href":"https:\/\/www.margasa.com\/es\/wp-json\/wp\/v2\/pages\/328","targetHints":{"allow":["GET"]}}],"collection":[{"href":"https:\/\/www.margasa.com\/es\/wp-json\/wp\/v2\/pages"}],"about":[{"href":"https:\/\/www.margasa.com\/es\/wp-json\/wp\/v2\/types\/page"}],"author":[{"embeddable":true,"href":"https:\/\/www.margasa.com\/es\/wp-json\/wp\/v2\/users\/1"}],"replies":[{"embeddable":true,"href":"https:\/\/www.margasa.com\/es\/wp-json\/wp\/v2\/comments?post=328"}],"version-history":[{"count":2,"href":"https:\/\/www.margasa.com\/es\/wp-json\/wp\/v2\/pages\/328\/revisions"}],"predecessor-version":[{"id":1809,"href":"https:\/\/www.margasa.com\/es\/wp-json\/wp\/v2\/pages\/328\/revisions\/1809"}],"up":[{"embeddable":true,"href":"https:\/\/www.margasa.com\/es\/wp-json\/wp\/v2\/pages\/160"}],"wp:featuredmedia":[{"embeddable":true,"href":"https:\/\/www.margasa.com\/es\/wp-json\/wp\/v2\/media\/1396"}],"wp:attachment":[{"href":"https:\/\/www.margasa.com\/es\/wp-json\/wp\/v2\/media?parent=328"}],"wp:term":[{"taxonomy":"product_category","embeddable":true,"href":"https:\/\/www.margasa.com\/es\/wp-json\/wp\/v2\/product_category?post=328"}],"curies":[{"name":"wp","href":"https:\/\/api.w.org\/{rel}","templated":true}]}}