{"id":334,"date":"2021-10-05T08:42:37","date_gmt":"2021-10-05T08:42:37","guid":{"rendered":"https:\/\/www.margasa.com\/?page_id=334"},"modified":"2021-10-21T13:40:49","modified_gmt":"2021-10-21T13:40:49","slug":"batidora-horizontal-bl-2500","status":"publish","type":"page","link":"https:\/\/www.margasa.com\/es\/lineas-de-producto\/limpieza-de-algodon\/batidora-horizontal-bl-2500\/","title":{"rendered":"Batidora horizontal BL 2500"},"content":{"rendered":"<p>Es la primera m\u00e1quina del tren de limpieza. Su funci\u00f3n es eliminar los residuos m\u00e1s gruesos, como las semillas, hojas y menos enmara\u00f1ados a las fibras. M\u00e1quina especialmente dise\u00f1ada para la limpieza exhaustiva y eliminaci\u00f3n de polvo. Sus grandes brazos batientes aseguran un trato suave sin da\u00f1ar las fibras.<\/p>\n","protected":false},"excerpt":{"rendered":"<p>Es la primera m\u00e1quina del tren de limpieza. Su funci\u00f3n es eliminar los residuos m\u00e1s gruesos, como las semillas, hojas y menos enmara\u00f1ados a las fibras. M\u00e1quina especialmente dise\u00f1ada para la limpieza exhaustiva y eliminaci\u00f3n de polvo. Sus grandes brazos batientes aseguran un trato suave sin da\u00f1ar las fibras.<\/p>\n","protected":false},"author":1,"featured_media":1437,"parent":162,"menu_order":0,"comment_status":"closed","ping_status":"closed","template":"page-templates\/page-producto.php","meta":{"_acf_changed":false,"footnotes":""},"product_category":[],"class_list":["post-334","page","type-page","status-publish","has-post-thumbnail","hentry"],"acf":[],"_links":{"self":[{"href":"https:\/\/www.margasa.com\/es\/wp-json\/wp\/v2\/pages\/334","targetHints":{"allow":["GET"]}}],"collection":[{"href":"https:\/\/www.margasa.com\/es\/wp-json\/wp\/v2\/pages"}],"about":[{"href":"https:\/\/www.margasa.com\/es\/wp-json\/wp\/v2\/types\/page"}],"author":[{"embeddable":true,"href":"https:\/\/www.margasa.com\/es\/wp-json\/wp\/v2\/users\/1"}],"replies":[{"embeddable":true,"href":"https:\/\/www.margasa.com\/es\/wp-json\/wp\/v2\/comments?post=334"}],"version-history":[{"count":3,"href":"https:\/\/www.margasa.com\/es\/wp-json\/wp\/v2\/pages\/334\/revisions"}],"predecessor-version":[{"id":1827,"href":"https:\/\/www.margasa.com\/es\/wp-json\/wp\/v2\/pages\/334\/revisions\/1827"}],"up":[{"embeddable":true,"href":"https:\/\/www.margasa.com\/es\/wp-json\/wp\/v2\/pages\/162"}],"wp:featuredmedia":[{"embeddable":true,"href":"https:\/\/www.margasa.com\/es\/wp-json\/wp\/v2\/media\/1437"}],"wp:attachment":[{"href":"https:\/\/www.margasa.com\/es\/wp-json\/wp\/v2\/media?parent=334"}],"wp:term":[{"taxonomy":"product_category","embeddable":true,"href":"https:\/\/www.margasa.com\/es\/wp-json\/wp\/v2\/product_category?post=334"}],"curies":[{"name":"wp","href":"https:\/\/api.w.org\/{rel}","templated":true}]}}