{"id":339,"date":"2021-10-05T08:43:11","date_gmt":"2021-10-05T08:43:11","guid":{"rendered":"https:\/\/www.margasa.com\/?page_id=339"},"modified":"2021-10-21T13:44:27","modified_gmt":"2021-10-21T13:44:27","slug":"filtro-rotativo","status":"publish","type":"page","link":"https:\/\/www.margasa.com\/es\/lineas-de-producto\/sistemas-de-filtraje\/filtro-rotativo\/","title":{"rendered":"Filtro rotativo"},"content":{"rendered":"<p>Sistema eficiente de tratamiento de los aires tecnol\u00f3gicos.<\/p>\n<p>Est\u00e1 formado\u00a0por un PREFILTRO y un FILTRO. Los aires tecnol\u00f3gicos llegan a la caja del\u00a0PREFILTRO y de ah\u00ed se transmite a trav\u00e9s de una pantalla de fina malla de acero inoxidable hacia el FILTRO.<\/p>\n<p>El filtro est\u00e1 formado por varias mangas filtrantes de gran di\u00e1metro en cuyo interior\u00a0unos brazos giratorios solidarios al eje succionan el polvo y micro polvo, a trav\u00e9s de un ventilador de alta presi\u00f3n.<\/p>\n<p>El polvo y microfibras recogidos del Filtro y Pre-filtro son llevados a un compactador.<\/p>\n","protected":false},"excerpt":{"rendered":"<p>Sistema eficiente de tratamiento de los aires tecnol\u00f3gicos. Est\u00e1 formado\u00a0por un PREFILTRO y un FILTRO. Los aires tecnol\u00f3gicos llegan a la caja del\u00a0PREFILTRO y de ah\u00ed se transmite a trav\u00e9s de una pantalla de fina malla de acero inoxidable hacia el FILTRO. El filtro est\u00e1 formado por varias mangas filtrantes de gran di\u00e1metro en cuyo [&hellip;]<\/p>\n","protected":false},"author":1,"featured_media":1456,"parent":164,"menu_order":0,"comment_status":"closed","ping_status":"closed","template":"page-templates\/page-producto.php","meta":{"_acf_changed":false,"footnotes":""},"product_category":[],"class_list":["post-339","page","type-page","status-publish","has-post-thumbnail","hentry"],"acf":[],"_links":{"self":[{"href":"https:\/\/www.margasa.com\/es\/wp-json\/wp\/v2\/pages\/339","targetHints":{"allow":["GET"]}}],"collection":[{"href":"https:\/\/www.margasa.com\/es\/wp-json\/wp\/v2\/pages"}],"about":[{"href":"https:\/\/www.margasa.com\/es\/wp-json\/wp\/v2\/types\/page"}],"author":[{"embeddable":true,"href":"https:\/\/www.margasa.com\/es\/wp-json\/wp\/v2\/users\/1"}],"replies":[{"embeddable":true,"href":"https:\/\/www.margasa.com\/es\/wp-json\/wp\/v2\/comments?post=339"}],"version-history":[{"count":3,"href":"https:\/\/www.margasa.com\/es\/wp-json\/wp\/v2\/pages\/339\/revisions"}],"predecessor-version":[{"id":1841,"href":"https:\/\/www.margasa.com\/es\/wp-json\/wp\/v2\/pages\/339\/revisions\/1841"}],"up":[{"embeddable":true,"href":"https:\/\/www.margasa.com\/es\/wp-json\/wp\/v2\/pages\/164"}],"wp:featuredmedia":[{"embeddable":true,"href":"https:\/\/www.margasa.com\/es\/wp-json\/wp\/v2\/media\/1456"}],"wp:attachment":[{"href":"https:\/\/www.margasa.com\/es\/wp-json\/wp\/v2\/media?parent=339"}],"wp:term":[{"taxonomy":"product_category","embeddable":true,"href":"https:\/\/www.margasa.com\/es\/wp-json\/wp\/v2\/product_category?post=339"}],"curies":[{"name":"wp","href":"https:\/\/api.w.org\/{rel}","templated":true}]}}