{"id":345,"date":"2021-10-05T10:54:57","date_gmt":"2021-10-05T10:54:57","guid":{"rendered":"https:\/\/www.margasa.com\/?page_id=345"},"modified":"2021-10-21T13:47:56","modified_gmt":"2021-10-21T13:47:56","slug":"rectificadora-de-clavos","status":"publish","type":"page","link":"https:\/\/www.margasa.com\/es\/lineas-de-producto\/accesorios\/rectificadora-de-clavos\/","title":{"rendered":"Rectificadora de Clavos"},"content":{"rendered":"<p>M\u00e1quina para rectificar los clavos de los tambores de la\u00a0m\u00e1quina deshilachadora. Completamente autom\u00e1tica y con un trato suave del clavo, ya que el tambor gira a bajas revoluciones mientras la piedra rectificadora act\u00faa sobre los clavos.<\/p>\n<p>Ancho de trabajo hasta 2.000 mm.<\/p>\n","protected":false},"excerpt":{"rendered":"<p>M\u00e1quina para rectificar los clavos de los tambores de la\u00a0m\u00e1quina deshilachadora. Completamente autom\u00e1tica y con un trato suave del clavo, ya que el tambor gira a bajas revoluciones mientras la piedra rectificadora act\u00faa sobre los clavos. Ancho de trabajo hasta 2.000 mm.<\/p>\n","protected":false},"author":1,"featured_media":1504,"parent":166,"menu_order":0,"comment_status":"closed","ping_status":"closed","template":"page-templates\/page-producto.php","meta":{"_acf_changed":false,"footnotes":""},"product_category":[],"class_list":["post-345","page","type-page","status-publish","has-post-thumbnail","hentry"],"acf":[],"_links":{"self":[{"href":"https:\/\/www.margasa.com\/es\/wp-json\/wp\/v2\/pages\/345","targetHints":{"allow":["GET"]}}],"collection":[{"href":"https:\/\/www.margasa.com\/es\/wp-json\/wp\/v2\/pages"}],"about":[{"href":"https:\/\/www.margasa.com\/es\/wp-json\/wp\/v2\/types\/page"}],"author":[{"embeddable":true,"href":"https:\/\/www.margasa.com\/es\/wp-json\/wp\/v2\/users\/1"}],"replies":[{"embeddable":true,"href":"https:\/\/www.margasa.com\/es\/wp-json\/wp\/v2\/comments?post=345"}],"version-history":[{"count":2,"href":"https:\/\/www.margasa.com\/es\/wp-json\/wp\/v2\/pages\/345\/revisions"}],"predecessor-version":[{"id":1854,"href":"https:\/\/www.margasa.com\/es\/wp-json\/wp\/v2\/pages\/345\/revisions\/1854"}],"up":[{"embeddable":true,"href":"https:\/\/www.margasa.com\/es\/wp-json\/wp\/v2\/pages\/166"}],"wp:featuredmedia":[{"embeddable":true,"href":"https:\/\/www.margasa.com\/es\/wp-json\/wp\/v2\/media\/1504"}],"wp:attachment":[{"href":"https:\/\/www.margasa.com\/es\/wp-json\/wp\/v2\/media?parent=345"}],"wp:term":[{"taxonomy":"product_category","embeddable":true,"href":"https:\/\/www.margasa.com\/es\/wp-json\/wp\/v2\/product_category?post=345"}],"curies":[{"name":"wp","href":"https:\/\/api.w.org\/{rel}","templated":true}]}}