{"id":347,"date":"2021-10-05T10:55:08","date_gmt":"2021-10-05T10:55:08","guid":{"rendered":"https:\/\/www.margasa.com\/?page_id=347"},"modified":"2021-10-21T13:48:52","modified_gmt":"2021-10-21T13:48:52","slug":"codo-de-imanes","status":"publish","type":"page","link":"https:\/\/www.margasa.com\/es\/lineas-de-producto\/accesorios\/codo-de-imanes\/","title":{"rendered":"Codo de Imanes"},"content":{"rendered":"<p>Tuber\u00eda especial con dos o tres imanes permanentes, de f\u00e1cil acceso, para la eliminaci\u00f3n de cuerpos f\u00e9rricos en las conducciones neum\u00e1ticas de materia.<\/p>\n","protected":false},"excerpt":{"rendered":"<p>Tuber\u00eda especial con dos o tres imanes permanentes, de f\u00e1cil acceso, para la eliminaci\u00f3n de cuerpos f\u00e9rricos en las conducciones neum\u00e1ticas de materia.<\/p>\n","protected":false},"author":1,"featured_media":1509,"parent":166,"menu_order":0,"comment_status":"closed","ping_status":"closed","template":"page-templates\/page-producto.php","meta":{"_acf_changed":false,"footnotes":""},"product_category":[],"class_list":["post-347","page","type-page","status-publish","has-post-thumbnail","hentry"],"acf":[],"_links":{"self":[{"href":"https:\/\/www.margasa.com\/es\/wp-json\/wp\/v2\/pages\/347","targetHints":{"allow":["GET"]}}],"collection":[{"href":"https:\/\/www.margasa.com\/es\/wp-json\/wp\/v2\/pages"}],"about":[{"href":"https:\/\/www.margasa.com\/es\/wp-json\/wp\/v2\/types\/page"}],"author":[{"embeddable":true,"href":"https:\/\/www.margasa.com\/es\/wp-json\/wp\/v2\/users\/1"}],"replies":[{"embeddable":true,"href":"https:\/\/www.margasa.com\/es\/wp-json\/wp\/v2\/comments?post=347"}],"version-history":[{"count":2,"href":"https:\/\/www.margasa.com\/es\/wp-json\/wp\/v2\/pages\/347\/revisions"}],"predecessor-version":[{"id":1857,"href":"https:\/\/www.margasa.com\/es\/wp-json\/wp\/v2\/pages\/347\/revisions\/1857"}],"up":[{"embeddable":true,"href":"https:\/\/www.margasa.com\/es\/wp-json\/wp\/v2\/pages\/166"}],"wp:featuredmedia":[{"embeddable":true,"href":"https:\/\/www.margasa.com\/es\/wp-json\/wp\/v2\/media\/1509"}],"wp:attachment":[{"href":"https:\/\/www.margasa.com\/es\/wp-json\/wp\/v2\/media?parent=347"}],"wp:term":[{"taxonomy":"product_category","embeddable":true,"href":"https:\/\/www.margasa.com\/es\/wp-json\/wp\/v2\/product_category?post=347"}],"curies":[{"name":"wp","href":"https:\/\/api.w.org\/{rel}","templated":true}]}}