{"id":351,"date":"2021-10-05T08:44:26","date_gmt":"2021-10-05T08:44:26","guid":{"rendered":"https:\/\/www.margasa.com\/?page_id=351"},"modified":"2021-10-21T13:51:17","modified_gmt":"2021-10-21T13:51:17","slug":"ensimaje-de-100","status":"publish","type":"page","link":"https:\/\/www.margasa.com\/es\/lineas-de-producto\/accesorios\/ensimaje-de-100\/","title":{"rendered":"Ensimaje DE-100"},"content":{"rendered":"<p>Dep\u00f3sito de \u00d8 1000 mm, para la mezcla de los distintos componentes de ensimaje y aplicaci\u00f3n regular sobre las materias textiles a procesar.<\/p>\n","protected":false},"excerpt":{"rendered":"<p>Dep\u00f3sito de \u00d8 1000 mm, para la mezcla de los distintos componentes de ensimaje y aplicaci\u00f3n regular sobre las materias textiles a procesar.<\/p>\n","protected":false},"author":1,"featured_media":1545,"parent":166,"menu_order":0,"comment_status":"closed","ping_status":"closed","template":"page-templates\/page-producto.php","meta":{"_acf_changed":false,"footnotes":""},"product_category":[],"class_list":["post-351","page","type-page","status-publish","has-post-thumbnail","hentry"],"acf":[],"_links":{"self":[{"href":"https:\/\/www.margasa.com\/es\/wp-json\/wp\/v2\/pages\/351","targetHints":{"allow":["GET"]}}],"collection":[{"href":"https:\/\/www.margasa.com\/es\/wp-json\/wp\/v2\/pages"}],"about":[{"href":"https:\/\/www.margasa.com\/es\/wp-json\/wp\/v2\/types\/page"}],"author":[{"embeddable":true,"href":"https:\/\/www.margasa.com\/es\/wp-json\/wp\/v2\/users\/1"}],"replies":[{"embeddable":true,"href":"https:\/\/www.margasa.com\/es\/wp-json\/wp\/v2\/comments?post=351"}],"version-history":[{"count":3,"href":"https:\/\/www.margasa.com\/es\/wp-json\/wp\/v2\/pages\/351\/revisions"}],"predecessor-version":[{"id":1576,"href":"https:\/\/www.margasa.com\/es\/wp-json\/wp\/v2\/pages\/351\/revisions\/1576"}],"up":[{"embeddable":true,"href":"https:\/\/www.margasa.com\/es\/wp-json\/wp\/v2\/pages\/166"}],"wp:featuredmedia":[{"embeddable":true,"href":"https:\/\/www.margasa.com\/es\/wp-json\/wp\/v2\/media\/1545"}],"wp:attachment":[{"href":"https:\/\/www.margasa.com\/es\/wp-json\/wp\/v2\/media?parent=351"}],"wp:term":[{"taxonomy":"product_category","embeddable":true,"href":"https:\/\/www.margasa.com\/es\/wp-json\/wp\/v2\/product_category?post=351"}],"curies":[{"name":"wp","href":"https:\/\/api.w.org\/{rel}","templated":true}]}}