{"id":55,"date":"2021-09-08T10:17:16","date_gmt":"2021-09-08T10:17:16","guid":{"rendered":"https:\/\/www.margasa.com\/?page_id=55"},"modified":"2021-11-02T16:01:50","modified_gmt":"2021-11-02T16:01:50","slug":"aviso-legal","status":"publish","type":"page","link":"https:\/\/www.margasa.com\/es\/aviso-legal\/","title":{"rendered":"Aviso legal"},"content":{"rendered":"<p><strong>Primero: objeto<\/strong><\/p>\n<p>Estas condiciones generales regulan la utilizaci\u00f3n de la p\u00e1gina web que constituye el dominio de internet <a href=\"https:\/\/www.margasa.com\">www.margasa.com<\/a> (en adelante La Web) cuyo titular es la\u00a0Proyectos e Ingenier\u00eda Textil, S.L.,\u00a0(en adelante El Titular), con domicilio c\/ Concordia 12 de 08290 Cerdanyola del Vall\u00e8s (Barcelona) y con\u00a0NIF B-07740905\u00a0y direcci\u00f3n de correo electr\u00f3nico <a href=\"mailto:margasa@margasa.com\">margasa@margasa.com<\/a><\/p>\n<p>La utilizaci\u00f3n de La Web incluye todos aquellos servicios y contenidos puestos a disposici\u00f3n del usuario, que acepta, al acceder a La Web someterse a estas condiciones generales. Los servicios y contenidos que ofrece El Titular en La Web podr\u00e1n quedar sometidos a condiciones particulares que, en caso de conflicto, prevalecer\u00e1n sobre estas condiciones generales. Es por tanto imprescindible que el usuario lea con atenci\u00f3n estas condiciones generales en cada conexi\u00f3n o utilizaci\u00f3n de los servicios que El Titular ofrece en La Web. El Titular se reserva el derecho de modificar cuando as\u00ed lo estime oportuno los elementos que conforman La Web, sus servicios, as\u00ed como estas condiciones generales, sin necesidad de previo aviso.<\/p>\n<p><strong>Segundo: Uso de la Web<\/strong><\/p>\n<ul>\n<li>Uso<\/li>\n<\/ul>\n<p>El uso de La Web tendr\u00e1 car\u00e1cter gratuito, salvo que en las condiciones particulares correspondientes se haya previsto otra cosa. El usuario conoce y acepta que el uso de La Web se realiza bajo su \u00fanica y exclusiva responsabilidad. El usuario acepta y se compromete a no realizar ninguna conducta que pudiera da\u00f1ar los derechos de El Titular, su imagen o sus intereses, as\u00ed como los de terceros. El usuario acepta y se compromete a no inutilizar, sobrecargar o realizar cualquier ataque de denegaci\u00f3n de servicios a La Web, o que impidiera, de cualquier forma, el normal acceso a La Web. El Titular tiene adoptadas las medidas de seguridad razonables y adecuadas para detectar la existencia de virus o c\u00f3digos maliciosos; no obstante el usuario debe ser consciente que las medidas de seguridad en Internet no son totalmente eficaces y que por tanto, el Titular no puede garantizar que no existan virus o elementos que pudiera alterar o trastornar los sistemas del usuario.<\/p>\n<ul>\n<li>Contenidos<\/li>\n<\/ul>\n<p>El Titular pone a disposici\u00f3n del usuario en La Web informaci\u00f3n procedente de fuentes propias. En este sentido El Titular procurar\u00e1 que el contenido se encuentre actualizado y con la m\u00e1xima calidad posible, aunque no garantiza la exactitud o actualidad de los contenidos de La Web.<\/p>\n<ul>\n<li>Propiedad intelectual e industrial<\/li>\n<\/ul>\n<p>No se cede ning\u00fan derecho de propiedad intelectual o industrial sobre La Web ni sobre ninguno de sus elementos integrantes, quedando expresamente prohibidos al usuario la reproducci\u00f3n, transformaci\u00f3n, distribuci\u00f3n, comunicaci\u00f3n p\u00fablica, puesta a disposici\u00f3n del p\u00fablico, extracci\u00f3n, reutilizaci\u00f3n, reenv\u00edo o la utilizaci\u00f3n de cualquier naturaleza, por cualquier medio o procedimiento, de cualquiera de ellos, salvo en los casos en que est\u00e9 legalmente permitido o sea autorizado por el titular de los correspondientes derechos. El usuario puede obtener y visualizar una copia temporal de los contenidos de La Web para su exclusivo uso personal y privado, siempre que no sea con la finalidad de desarrollar actividades de car\u00e1cter comercial o profesional para su propio beneficio. El usuario se abstendr\u00e1 de obtener, o intentar obtener, los contenidos por medios distintos de los que en cada caso se hayan puesto a su disposici\u00f3n o indicado al efecto o de los que se utilicen habitualmente en Internet (siempre que estos \u00faltimos no entra\u00f1en un riesgo de da\u00f1o o inutilizaci\u00f3n de La Web). El Usuario deber\u00e1 respetar en todo momento todos los derechos de propiedad intelectual e industrial sobre La Web, de titularidad de El Titular o de terceros.<\/p>\n<ul>\n<li>Enlaces<\/li>\n<\/ul>\n<p>La Web puede incluir enlaces a otros sitios en Internet que son propiedad de terceros. La finalidad de incluir estos enlaces es proporcionar al usuario la posibilidad de conocer dichos sitios web, aunque El Titular no comercializa por s\u00ed ni por medio de terceros la informaci\u00f3n, contenidos o servicios disponibles en los sitios web enlazados. Tampoco existe un control sobre los contenidos o materiales que los terceros enlazados pudieran tener en sus sitios web. Quien desee a\u00f1adir un enlace apuntando a La Web deber\u00e1 solicitar consentimiento previo a El Titular, sin que la existencia de dicho enlace a La Web suponga la existencia de relaciones entre El Titular y el propio del sitio web que establece el enlace.<\/p>\n<p><strong>Tercero: datos de car\u00e1cter personal, cookies y otros elementos de navegaci\u00f3n web.<\/strong><\/p>\n<p>La navegaci\u00f3n por La Web no supone que queden registrados de forma autom\u00e1tica ning\u00fan dato que pueda ser considerado de car\u00e1cter personal. No obstante, el servidor de La Web podr\u00e1 registrar informaci\u00f3n no personal y no identificable con el usuario, tal como el tipo de navegador de Internet del usuario, su sistema operativo, la direcci\u00f3n IP desde la que accede a La Web, la duraci\u00f3n de su conexi\u00f3n\u2026<\/p>\n<p>Salvo indicaci\u00f3n expresa, los datos personales obtenidos\u00a0 tendr\u00e1n como \u00fanicas finalidades gestionar las consultas que el usuario pueda realizar a trav\u00e9s de La Web o mantener la relaci\u00f3n contractual correspondiente. Para el ejercicio de los derechos de acceso, rectificaci\u00f3n, cancelaci\u00f3n y oposici\u00f3n, el interesado deber\u00e1 dirigir un escrito a la direcci\u00f3n de El Titular, adjuntando una fotocopia de su DNI.<\/p>\n<p><strong>Cuarto: ley aplicable y jurisdicci\u00f3n<\/strong><\/p>\n<p>Estas condiciones generales se rigen por la ley espa\u00f1ola.<\/p>\n","protected":false},"excerpt":{"rendered":"<p>Primero: objeto Estas condiciones generales regulan la utilizaci\u00f3n de la p\u00e1gina web que constituye el dominio de internet www.margasa.com (en adelante La Web) cuyo titular es la\u00a0Proyectos e Ingenier\u00eda Textil, S.L.,\u00a0(en adelante El Titular), con domicilio c\/ Concordia 12 de 08290 Cerdanyola del Vall\u00e8s (Barcelona) y con\u00a0NIF B-07740905\u00a0y direcci\u00f3n de correo electr\u00f3nico margasa@margasa.com La utilizaci\u00f3n [&hellip;]<\/p>\n","protected":false},"author":1,"featured_media":0,"parent":0,"menu_order":0,"comment_status":"closed","ping_status":"closed","template":"","meta":{"_acf_changed":false,"footnotes":""},"product_category":[],"class_list":["post-55","page","type-page","status-publish","hentry"],"acf":[],"_links":{"self":[{"href":"https:\/\/www.margasa.com\/es\/wp-json\/wp\/v2\/pages\/55","targetHints":{"allow":["GET"]}}],"collection":[{"href":"https:\/\/www.margasa.com\/es\/wp-json\/wp\/v2\/pages"}],"about":[{"href":"https:\/\/www.margasa.com\/es\/wp-json\/wp\/v2\/types\/page"}],"author":[{"embeddable":true,"href":"https:\/\/www.margasa.com\/es\/wp-json\/wp\/v2\/users\/1"}],"replies":[{"embeddable":true,"href":"https:\/\/www.margasa.com\/es\/wp-json\/wp\/v2\/comments?post=55"}],"version-history":[{"count":1,"href":"https:\/\/www.margasa.com\/es\/wp-json\/wp\/v2\/pages\/55\/revisions"}],"predecessor-version":[{"id":2028,"href":"https:\/\/www.margasa.com\/es\/wp-json\/wp\/v2\/pages\/55\/revisions\/2028"}],"wp:attachment":[{"href":"https:\/\/www.margasa.com\/es\/wp-json\/wp\/v2\/media?parent=55"}],"wp:term":[{"taxonomy":"product_category","embeddable":true,"href":"https:\/\/www.margasa.com\/es\/wp-json\/wp\/v2\/product_category?post=55"}],"curies":[{"name":"wp","href":"https:\/\/api.w.org\/{rel}","templated":true}]}}