{"id":426,"date":"2021-10-05T08:32:19","date_gmt":"2021-10-05T08:32:19","guid":{"rendered":"https:\/\/www.margasa.com\/?page_id=426"},"modified":"2021-10-14T10:13:28","modified_gmt":"2021-10-14T10:13:28","slug":"master-1500-2000","status":"publish","type":"page","link":"https:\/\/www.margasa.com\/tr\/urunler\/tekstil-geri-donusumu\/master-1500-2000\/","title":{"rendered":"Master 1500\/2000"},"content":{"rendered":"<p>1.500 veya 2.000 mm geni\u015fli\u011finde, 1 ila 6 tambur aras\u0131 mod\u00fcler yap\u0131da, y\u00fcksek \u00fcretimli A\u00e7ma makinesi, \u00f6rne\u011fin: iplikler, giysi k\u0131rp\u0131nt\u0131lar\u0131, dokuma tezgah\u0131 kenarlar\u0131, kullan\u0131lm\u0131\u015f giysiler (t\u00fcketici \u00f6ncesi ve sonras\u0131), nonwoven telefieri, vb.<\/p>\n<p>Malzemelere g\u00f6re 800 ile 3.000 Kg\/h aras\u0131 \u00fcretim.<\/p>\n","protected":false},"excerpt":{"rendered":"<p>1.500 veya 2.000 mm geni\u015fli\u011finde, 1 ila 6 tambur aras\u0131 mod\u00fcler yap\u0131da, y\u00fcksek \u00fcretimli A\u00e7ma makinesi, \u00f6rne\u011fin: iplikler, giysi k\u0131rp\u0131nt\u0131lar\u0131, dokuma tezgah\u0131 kenarlar\u0131, kullan\u0131lm\u0131\u015f giysiler (t\u00fcketici \u00f6ncesi ve sonras\u0131), nonwoven telefieri, vb. Malzemelere g\u00f6re 800 ile 3.000 Kg\/h aras\u0131 \u00fcretim.<\/p>\n","protected":false},"author":1,"featured_media":908,"parent":148,"menu_order":0,"comment_status":"closed","ping_status":"closed","template":"page-templates\/page-producto.php","meta":{"_acf_changed":false,"footnotes":""},"product_category":[54],"class_list":["post-426","page","type-page","status-publish","has-post-thumbnail","hentry","product_category-yirtma-parcalayici-acma-makineleri"],"acf":[],"_links":{"self":[{"href":"https:\/\/www.margasa.com\/tr\/wp-json\/wp\/v2\/pages\/426","targetHints":{"allow":["GET"]}}],"collection":[{"href":"https:\/\/www.margasa.com\/tr\/wp-json\/wp\/v2\/pages"}],"about":[{"href":"https:\/\/www.margasa.com\/tr\/wp-json\/wp\/v2\/types\/page"}],"author":[{"embeddable":true,"href":"https:\/\/www.margasa.com\/tr\/wp-json\/wp\/v2\/users\/1"}],"replies":[{"embeddable":true,"href":"https:\/\/www.margasa.com\/tr\/wp-json\/wp\/v2\/comments?post=426"}],"version-history":[{"count":3,"href":"https:\/\/www.margasa.com\/tr\/wp-json\/wp\/v2\/pages\/426\/revisions"}],"predecessor-version":[{"id":1624,"href":"https:\/\/www.margasa.com\/tr\/wp-json\/wp\/v2\/pages\/426\/revisions\/1624"}],"up":[{"embeddable":true,"href":"https:\/\/www.margasa.com\/tr\/wp-json\/wp\/v2\/pages\/148"}],"wp:featuredmedia":[{"embeddable":true,"href":"https:\/\/www.margasa.com\/tr\/wp-json\/wp\/v2\/media\/908"}],"wp:attachment":[{"href":"https:\/\/www.margasa.com\/tr\/wp-json\/wp\/v2\/media?parent=426"}],"wp:term":[{"taxonomy":"product_category","embeddable":true,"href":"https:\/\/www.margasa.com\/tr\/wp-json\/wp\/v2\/product_category?post=426"}],"curies":[{"name":"wp","href":"https:\/\/api.w.org\/{rel}","templated":true}]}}