{"id":428,"date":"2021-10-05T08:32:31","date_gmt":"2021-10-05T08:32:31","guid":{"rendered":"https:\/\/www.margasa.com\/?page_id=428"},"modified":"2021-10-14T10:15:36","modified_gmt":"2021-10-14T10:15:36","slug":"compak-1000-1500","status":"publish","type":"page","link":"https:\/\/www.margasa.com\/tr\/urunler\/tekstil-geri-donusumu\/compak-1000-1500\/","title":{"rendered":"Compak 1000\/1500"},"content":{"rendered":"<p>1.000 ve 1.500 mm geni\u015fli\u011finde, mod\u00fcler yap\u0131da ve en iyi par\u00e7alama kalitesini elde etmek i\u00e7in 300 ila 800 Kg \/ saat aras\u0131 \u00fcretimler i\u00e7in tasarlanm\u0131\u015f k\u00fc\u00e7\u00fclt\u00fclm\u00fc\u015f boyutta par\u00e7alama a\u00e7ma makinesi.<\/p>\n","protected":false},"excerpt":{"rendered":"<p>1.000 ve 1.500 mm geni\u015fli\u011finde, mod\u00fcler yap\u0131da ve en iyi par\u00e7alama kalitesini elde etmek i\u00e7in 300 ila 800 Kg \/ saat aras\u0131 \u00fcretimler i\u00e7in tasarlanm\u0131\u015f k\u00fc\u00e7\u00fclt\u00fclm\u00fc\u015f boyutta par\u00e7alama a\u00e7ma makinesi.<\/p>\n","protected":false},"author":1,"featured_media":969,"parent":148,"menu_order":0,"comment_status":"closed","ping_status":"closed","template":"page-templates\/page-producto.php","meta":{"_acf_changed":false,"footnotes":""},"product_category":[54],"class_list":["post-428","page","type-page","status-publish","has-post-thumbnail","hentry","product_category-yirtma-parcalayici-acma-makineleri"],"acf":[],"_links":{"self":[{"href":"https:\/\/www.margasa.com\/tr\/wp-json\/wp\/v2\/pages\/428","targetHints":{"allow":["GET"]}}],"collection":[{"href":"https:\/\/www.margasa.com\/tr\/wp-json\/wp\/v2\/pages"}],"about":[{"href":"https:\/\/www.margasa.com\/tr\/wp-json\/wp\/v2\/types\/page"}],"author":[{"embeddable":true,"href":"https:\/\/www.margasa.com\/tr\/wp-json\/wp\/v2\/users\/1"}],"replies":[{"embeddable":true,"href":"https:\/\/www.margasa.com\/tr\/wp-json\/wp\/v2\/comments?post=428"}],"version-history":[{"count":3,"href":"https:\/\/www.margasa.com\/tr\/wp-json\/wp\/v2\/pages\/428\/revisions"}],"predecessor-version":[{"id":1632,"href":"https:\/\/www.margasa.com\/tr\/wp-json\/wp\/v2\/pages\/428\/revisions\/1632"}],"up":[{"embeddable":true,"href":"https:\/\/www.margasa.com\/tr\/wp-json\/wp\/v2\/pages\/148"}],"wp:featuredmedia":[{"embeddable":true,"href":"https:\/\/www.margasa.com\/tr\/wp-json\/wp\/v2\/media\/969"}],"wp:attachment":[{"href":"https:\/\/www.margasa.com\/tr\/wp-json\/wp\/v2\/media?parent=428"}],"wp:term":[{"taxonomy":"product_category","embeddable":true,"href":"https:\/\/www.margasa.com\/tr\/wp-json\/wp\/v2\/product_category?post=428"}],"curies":[{"name":"wp","href":"https:\/\/api.w.org\/{rel}","templated":true}]}}