{"id":432,"date":"2021-10-05T08:33:06","date_gmt":"2021-10-05T08:33:06","guid":{"rendered":"https:\/\/www.margasa.com\/?page_id=432"},"modified":"2021-10-14T10:21:48","modified_gmt":"2021-10-14T10:21:48","slug":"avant-card-1000-1500","status":"publish","type":"page","link":"https:\/\/www.margasa.com\/tr\/urunler\/tekstil-geri-donusumu\/avant-card-1000-1500\/","title":{"rendered":"Avant Card 1000\/1500"},"content":{"rendered":"<p>Bir a\u00e7ma par\u00e7alama makinesi taraf\u0131ndan i\u015flenen malzemenin ince a\u00e7\u0131lmas\u0131 i\u00e7in \u00f6zel olarak tasarlanm\u0131\u015f makine. \u00c7al\u0131\u015fma sistemi sayesinde daha \u00f6nce a\u00e7\u0131lmam\u0131\u015f lifler nazik\u00e7e a\u00e7\u0131larak ve taranarak maksimum lif uzunlu\u011fu elde edilir.<\/p>\n<p>Yeni AVANT-CARD teknolojisi, daha uzun ortalama elyaf uzunlu\u011fu elde edebilmesi nedeniyle daha ince ipliklerin \u00fcretilmesine veya ayn\u0131 ipli\u011fi elde etmek i\u00e7in daha az takviye edici elyaf\u0131n (polyester vs) kar\u0131\u015ft\u0131r\u0131lmas\u0131na izin verir.<\/p>\n<p>\u0130plik E\u011firmede avantajlar\u0131 \u015funlard\u0131r:<\/p>\n<ul>\n<li aria-level=\"1\">Takviye elyaf\u0131ndan tasarruf<\/li>\n<li aria-level=\"1\">Tarak art\u0131klar\u0131n\u0131n azalt\u0131lmas\u0131<\/li>\n<li aria-level=\"1\">Tarak tellerinin daha uzun \u00f6mr\u00fc<\/li>\n<li aria-level=\"1\">Ayn\u0131 iplik i\u015flemesinde daha alt kalite hammadde kullanma imkan\u0131.<\/li>\n<\/ul>\n<p>AVANT-CARD, geri d\u00f6n\u00fc\u015f\u00fcm hatt\u0131n\u0131n sonuna veya taraklardan \u00f6nce\u00a0 lplik e\u011firmeye haz\u0131rl\u0131k olarak kurulabilir. \u0130kinci durumda, b\u00fcy\u00fck a\u00e7ma g\u00fcc\u00fcne ek olarak, AVANT-CARD farkl\u0131 liflerin daha detayl\u0131 bir kar\u0131\u015f\u0131m\u0131n\u0131 ger\u00e7ekle\u015ftirerek harman\u0131 daha homojen hale getirir.<\/p>\n<p>300 kg\/saat \u00fcretim.<\/p>\n<p><b>Avant-Card 1500<\/b><\/p>\n<p>Tekstil yan \u00fcr\u00fcnlerinin hassas \u015fekilde ince a\u00e7\u0131lmas\u0131 i\u00e7in \u00f6zel olarak tasarlanm\u0131\u015f yeni makine. \u00c7al\u0131\u015fma sistemi sayesinde, a\u00e7ma makinesi taraf\u0131ndan a\u00e7\u0131lmayan lifler \u00f6zenle a\u00e7\u0131larak, maksimum lif uzunlu\u011fu elde edilir.<\/p>\n<p>Yeni AVANT-CARD teknolojisi ile, daha uzun ortalama elyaf uzunlu\u011fu nedeniyle daha ince ipliklerin \u00fcretilmesine veya ayn\u0131 ipli\u011fi yapmak i\u00e7in daha az takviye edici elyaf\u0131n kar\u0131\u015ft\u0131r\u0131lmas\u0131na olanak tan\u0131yan geri d\u00f6n\u00fc\u015ft\u00fcr\u00fclm\u00fc\u015f elyaf\u0131n kalitesini art\u0131rmak m\u00fcmk\u00fcnd\u00fcr.<\/p>\n<p>Avantajlar\u0131:<\/p>\n<ul>\n<li>E\u011firmede %40&#8217;a varan g\u00fc\u00e7lendirici elyaf tasarrufu<\/li>\n<li>Taraktaki at\u0131klar\u0131n %60&#8217;a varan oranda azalt\u0131lmas\u0131<\/li>\n<li>Ayn\u0131 iplik i\u015flemesinde daha alt kalite hammadde kullan\u0131m\u0131.<\/li>\n<\/ul>\n<p>AVANT-CARD 1500, geri d\u00f6n\u00fc\u015f\u00fcm hatt\u0131n\u0131n sonuna veya Open-End iplik e\u011firmeye haz\u0131rl\u0131k olarak taraklardan \u00f6nce kurulabilir. \u0130kinci durumda, b\u00fcy\u00fck a\u00e7ma g\u00fcc\u00fcne ek olarak, AVANT-CARD farkl\u0131 liflerin daha iyi bir kar\u0131\u015f\u0131m\u0131n\u0131 ger\u00e7ekle\u015ftirerek harman\u0131 daha homojen hale getirir.<\/p>\n","protected":false},"excerpt":{"rendered":"<p>Bir a\u00e7ma par\u00e7alama makinesi taraf\u0131ndan i\u015flenen malzemenin ince a\u00e7\u0131lmas\u0131 i\u00e7in \u00f6zel olarak tasarlanm\u0131\u015f makine. \u00c7al\u0131\u015fma sistemi sayesinde daha \u00f6nce a\u00e7\u0131lmam\u0131\u015f lifler nazik\u00e7e a\u00e7\u0131larak ve taranarak maksimum lif uzunlu\u011fu elde edilir. Yeni AVANT-CARD teknolojisi, daha uzun ortalama elyaf uzunlu\u011fu elde edebilmesi nedeniyle daha ince ipliklerin \u00fcretilmesine veya ayn\u0131 ipli\u011fi elde etmek i\u00e7in daha az takviye edici [&hellip;]<\/p>\n","protected":false},"author":1,"featured_media":1013,"parent":148,"menu_order":0,"comment_status":"closed","ping_status":"closed","template":"page-templates\/page-producto.php","meta":{"_acf_changed":false,"footnotes":""},"product_category":[54],"class_list":["post-432","page","type-page","status-publish","has-post-thumbnail","hentry","product_category-yirtma-parcalayici-acma-makineleri"],"acf":[],"_links":{"self":[{"href":"https:\/\/www.margasa.com\/tr\/wp-json\/wp\/v2\/pages\/432","targetHints":{"allow":["GET"]}}],"collection":[{"href":"https:\/\/www.margasa.com\/tr\/wp-json\/wp\/v2\/pages"}],"about":[{"href":"https:\/\/www.margasa.com\/tr\/wp-json\/wp\/v2\/types\/page"}],"author":[{"embeddable":true,"href":"https:\/\/www.margasa.com\/tr\/wp-json\/wp\/v2\/users\/1"}],"replies":[{"embeddable":true,"href":"https:\/\/www.margasa.com\/tr\/wp-json\/wp\/v2\/comments?post=432"}],"version-history":[{"count":3,"href":"https:\/\/www.margasa.com\/tr\/wp-json\/wp\/v2\/pages\/432\/revisions"}],"predecessor-version":[{"id":1648,"href":"https:\/\/www.margasa.com\/tr\/wp-json\/wp\/v2\/pages\/432\/revisions\/1648"}],"up":[{"embeddable":true,"href":"https:\/\/www.margasa.com\/tr\/wp-json\/wp\/v2\/pages\/148"}],"wp:featuredmedia":[{"embeddable":true,"href":"https:\/\/www.margasa.com\/tr\/wp-json\/wp\/v2\/media\/1013"}],"wp:attachment":[{"href":"https:\/\/www.margasa.com\/tr\/wp-json\/wp\/v2\/media?parent=432"}],"wp:term":[{"taxonomy":"product_category","embeddable":true,"href":"https:\/\/www.margasa.com\/tr\/wp-json\/wp\/v2\/product_category?post=432"}],"curies":[{"name":"wp","href":"https:\/\/api.w.org\/{rel}","templated":true}]}}