{"id":436,"date":"2021-10-05T08:33:26","date_gmt":"2021-10-05T08:33:26","guid":{"rendered":"https:\/\/www.margasa.com\/?page_id=436"},"modified":"2021-10-14T13:31:12","modified_gmt":"2021-10-14T13:31:12","slug":"yuksek-yogunluklu-nonwoven-acici-ben-1500","status":"publish","type":"page","link":"https:\/\/www.margasa.com\/tr\/urunler\/tekstil-geri-donusumu\/yuksek-yogunluklu-nonwoven-acici-ben-1500\/","title":{"rendered":"Y\u00fcksek Yo\u011funluklu Nonwoven A\u00e7\u0131c\u0131 BEN &#8211; 1500"},"content":{"rendered":"<p>Elle veya pn\u00f6matik besleme ile nonwoven ve sert ke\u00e7e at\u0131klar\u0131n\u0131n OFF Line geri d\u00f6n\u00fc\u015f\u00fcm\u00fc i\u00e7in \u00f6zel olarak tasarlanm\u0131\u015f makine. \u0130\u015flenecek malzemenin yo\u011funlu\u011funa ba\u011fl\u0131 olarak 1 ila 3 tamburlu mod\u00fcler konsept.<\/p>\n","protected":false},"excerpt":{"rendered":"<p>Elle veya pn\u00f6matik besleme ile nonwoven ve sert ke\u00e7e at\u0131klar\u0131n\u0131n OFF Line geri d\u00f6n\u00fc\u015f\u00fcm\u00fc i\u00e7in \u00f6zel olarak tasarlanm\u0131\u015f makine. \u0130\u015flenecek malzemenin yo\u011funlu\u011funa ba\u011fl\u0131 olarak 1 ila 3 tamburlu mod\u00fcler konsept.<\/p>\n","protected":false},"author":1,"featured_media":1049,"parent":148,"menu_order":0,"comment_status":"closed","ping_status":"closed","template":"page-templates\/page-producto.php","meta":{"_acf_changed":false,"footnotes":""},"product_category":[56],"class_list":["post-436","page","type-page","status-publish","has-post-thumbnail","hentry","product_category-nonwoven-geri-donusumu"],"acf":[],"_links":{"self":[{"href":"https:\/\/www.margasa.com\/tr\/wp-json\/wp\/v2\/pages\/436","targetHints":{"allow":["GET"]}}],"collection":[{"href":"https:\/\/www.margasa.com\/tr\/wp-json\/wp\/v2\/pages"}],"about":[{"href":"https:\/\/www.margasa.com\/tr\/wp-json\/wp\/v2\/types\/page"}],"author":[{"embeddable":true,"href":"https:\/\/www.margasa.com\/tr\/wp-json\/wp\/v2\/users\/1"}],"replies":[{"embeddable":true,"href":"https:\/\/www.margasa.com\/tr\/wp-json\/wp\/v2\/comments?post=436"}],"version-history":[{"count":3,"href":"https:\/\/www.margasa.com\/tr\/wp-json\/wp\/v2\/pages\/436\/revisions"}],"predecessor-version":[{"id":1665,"href":"https:\/\/www.margasa.com\/tr\/wp-json\/wp\/v2\/pages\/436\/revisions\/1665"}],"up":[{"embeddable":true,"href":"https:\/\/www.margasa.com\/tr\/wp-json\/wp\/v2\/pages\/148"}],"wp:featuredmedia":[{"embeddable":true,"href":"https:\/\/www.margasa.com\/tr\/wp-json\/wp\/v2\/media\/1049"}],"wp:attachment":[{"href":"https:\/\/www.margasa.com\/tr\/wp-json\/wp\/v2\/media?parent=436"}],"wp:term":[{"taxonomy":"product_category","embeddable":true,"href":"https:\/\/www.margasa.com\/tr\/wp-json\/wp\/v2\/product_category?post=436"}],"curies":[{"name":"wp","href":"https:\/\/api.w.org\/{rel}","templated":true}]}}