{"id":438,"date":"2021-10-05T08:33:37","date_gmt":"2021-10-05T08:33:37","guid":{"rendered":"https:\/\/www.margasa.com\/?page_id=438"},"modified":"2021-10-14T13:33:50","modified_gmt":"2021-10-14T13:33:50","slug":"yuksek-yogunluklu-nonwoven-acici-bto-1300","status":"publish","type":"page","link":"https:\/\/www.margasa.com\/tr\/urunler\/tekstil-geri-donusumu\/yuksek-yogunluklu-nonwoven-acici-bto-1300\/","title":{"rendered":"Y\u00fcksek Yo\u011funluklu Nonwoven A\u00e7\u0131c\u0131 BTO 1300"},"content":{"rendered":"<p>Y\u00fcksek yo\u011funluklu sert ke\u00e7eler i\u00e7in kenar a\u00e7\u0131c\u0131. \u0130\u011fneleme makinesinin veya kalenderin \u00e7\u0131k\u0131\u015f\u0131nda veya kal\u0131p art\u0131klar\u0131, plakalar ve hatta rulolar\u0131n a\u00e7\u0131lmas\u0131 i\u00e7in bir konvey\u00f6r bant vas\u0131tas\u0131yla beslenen harici bir makine olarak d\u00fczenlenmi\u015ftir.<\/p>\n<ul>\n<li aria-level=\"1\">Kal\u0131plama<\/li>\n<li aria-level=\"1\">Termobonding<\/li>\n<li aria-level=\"1\">\u0130\u011fneleme<\/li>\n<li aria-level=\"1\">Kalenderleme<\/li>\n<li aria-level=\"1\">Spunlace<\/li>\n<li aria-level=\"1\">Di\u011ferleri.<\/li>\n<\/ul>\n","protected":false},"excerpt":{"rendered":"<p>Y\u00fcksek yo\u011funluklu sert ke\u00e7eler i\u00e7in kenar a\u00e7\u0131c\u0131. \u0130\u011fneleme makinesinin veya kalenderin \u00e7\u0131k\u0131\u015f\u0131nda veya kal\u0131p art\u0131klar\u0131, plakalar ve hatta rulolar\u0131n a\u00e7\u0131lmas\u0131 i\u00e7in bir konvey\u00f6r bant vas\u0131tas\u0131yla beslenen harici bir makine olarak d\u00fczenlenmi\u015ftir. Kal\u0131plama Termobonding \u0130\u011fneleme Kalenderleme Spunlace Di\u011ferleri.<\/p>\n","protected":false},"author":1,"featured_media":1058,"parent":148,"menu_order":0,"comment_status":"closed","ping_status":"closed","template":"page-templates\/page-producto.php","meta":{"_acf_changed":false,"footnotes":""},"product_category":[56],"class_list":["post-438","page","type-page","status-publish","has-post-thumbnail","hentry","product_category-nonwoven-geri-donusumu"],"acf":[],"_links":{"self":[{"href":"https:\/\/www.margasa.com\/tr\/wp-json\/wp\/v2\/pages\/438","targetHints":{"allow":["GET"]}}],"collection":[{"href":"https:\/\/www.margasa.com\/tr\/wp-json\/wp\/v2\/pages"}],"about":[{"href":"https:\/\/www.margasa.com\/tr\/wp-json\/wp\/v2\/types\/page"}],"author":[{"embeddable":true,"href":"https:\/\/www.margasa.com\/tr\/wp-json\/wp\/v2\/users\/1"}],"replies":[{"embeddable":true,"href":"https:\/\/www.margasa.com\/tr\/wp-json\/wp\/v2\/comments?post=438"}],"version-history":[{"count":3,"href":"https:\/\/www.margasa.com\/tr\/wp-json\/wp\/v2\/pages\/438\/revisions"}],"predecessor-version":[{"id":1674,"href":"https:\/\/www.margasa.com\/tr\/wp-json\/wp\/v2\/pages\/438\/revisions\/1674"}],"up":[{"embeddable":true,"href":"https:\/\/www.margasa.com\/tr\/wp-json\/wp\/v2\/pages\/148"}],"wp:featuredmedia":[{"embeddable":true,"href":"https:\/\/www.margasa.com\/tr\/wp-json\/wp\/v2\/media\/1058"}],"wp:attachment":[{"href":"https:\/\/www.margasa.com\/tr\/wp-json\/wp\/v2\/media?parent=438"}],"wp:term":[{"taxonomy":"product_category","embeddable":true,"href":"https:\/\/www.margasa.com\/tr\/wp-json\/wp\/v2\/product_category?post=438"}],"curies":[{"name":"wp","href":"https:\/\/api.w.org\/{rel}","templated":true}]}}