{"id":440,"date":"2021-10-05T08:33:48","date_gmt":"2021-10-05T08:33:48","guid":{"rendered":"https:\/\/www.margasa.com\/?page_id=440"},"modified":"2021-10-14T13:35:55","modified_gmt":"2021-10-14T13:35:55","slug":"yuksek-yogunluklu-nonwoven-acici-bto-600","status":"publish","type":"page","link":"https:\/\/www.margasa.com\/tr\/urunler\/tekstil-geri-donusumu\/yuksek-yogunluklu-nonwoven-acici-bto-600\/","title":{"rendered":"Y\u00fcksek Yo\u011funluklu Nonwoven A\u00e7\u0131c\u0131 BTO-600"},"content":{"rendered":"<p>Y\u00fcksek yo\u011funluklu sert ke\u00e7eler i\u00e7in kenar a\u00e7\u0131c\u0131. S\u00fcrekli besleme i\u00e7in i\u011fneleme makinesinin veya kalenderin \u00e7\u0131k\u0131\u015f\u0131na yerle\u015ftirilir.<\/p>\n<ul>\n<li>Kal\u0131plama<\/li>\n<li>Termobonding<\/li>\n<li>\u0130\u011fneleme<\/li>\n<li>Kalenderlenmi\u015f<\/li>\n<li>Spunlace<\/li>\n<li>Di\u011ferleri.<\/li>\n<\/ul>\n","protected":false},"excerpt":{"rendered":"<p>Y\u00fcksek yo\u011funluklu sert ke\u00e7eler i\u00e7in kenar a\u00e7\u0131c\u0131. S\u00fcrekli besleme i\u00e7in i\u011fneleme makinesinin veya kalenderin \u00e7\u0131k\u0131\u015f\u0131na yerle\u015ftirilir. Kal\u0131plama Termobonding \u0130\u011fneleme Kalenderlenmi\u015f Spunlace Di\u011ferleri.<\/p>\n","protected":false},"author":1,"featured_media":1064,"parent":148,"menu_order":0,"comment_status":"closed","ping_status":"closed","template":"page-templates\/page-producto.php","meta":{"_acf_changed":false,"footnotes":""},"product_category":[56],"class_list":["post-440","page","type-page","status-publish","has-post-thumbnail","hentry","product_category-nonwoven-geri-donusumu"],"acf":[],"_links":{"self":[{"href":"https:\/\/www.margasa.com\/tr\/wp-json\/wp\/v2\/pages\/440","targetHints":{"allow":["GET"]}}],"collection":[{"href":"https:\/\/www.margasa.com\/tr\/wp-json\/wp\/v2\/pages"}],"about":[{"href":"https:\/\/www.margasa.com\/tr\/wp-json\/wp\/v2\/types\/page"}],"author":[{"embeddable":true,"href":"https:\/\/www.margasa.com\/tr\/wp-json\/wp\/v2\/users\/1"}],"replies":[{"embeddable":true,"href":"https:\/\/www.margasa.com\/tr\/wp-json\/wp\/v2\/comments?post=440"}],"version-history":[{"count":4,"href":"https:\/\/www.margasa.com\/tr\/wp-json\/wp\/v2\/pages\/440\/revisions"}],"predecessor-version":[{"id":1683,"href":"https:\/\/www.margasa.com\/tr\/wp-json\/wp\/v2\/pages\/440\/revisions\/1683"}],"up":[{"embeddable":true,"href":"https:\/\/www.margasa.com\/tr\/wp-json\/wp\/v2\/pages\/148"}],"wp:featuredmedia":[{"embeddable":true,"href":"https:\/\/www.margasa.com\/tr\/wp-json\/wp\/v2\/media\/1064"}],"wp:attachment":[{"href":"https:\/\/www.margasa.com\/tr\/wp-json\/wp\/v2\/media?parent=440"}],"wp:term":[{"taxonomy":"product_category","embeddable":true,"href":"https:\/\/www.margasa.com\/tr\/wp-json\/wp\/v2\/product_category?post=440"}],"curies":[{"name":"wp","href":"https:\/\/api.w.org\/{rel}","templated":true}]}}