{"id":442,"date":"2021-10-05T08:33:58","date_gmt":"2021-10-05T08:33:58","guid":{"rendered":"https:\/\/www.margasa.com\/?page_id=442"},"modified":"2021-10-14T13:37:47","modified_gmt":"2021-10-14T13:37:47","slug":"dusuk-yogunluklu-nonwoven-acici-cto-500-rto-500","status":"publish","type":"page","link":"https:\/\/www.margasa.com\/tr\/urunler\/tekstil-geri-donusumu\/dusuk-yogunluklu-nonwoven-acici-cto-500-rto-500\/","title":{"rendered":"D\u00fc\u015f\u00fck Yo\u011funluklu Nonwoven A\u00e7\u0131c\u0131 CTO-500 \/ RTO 500"},"content":{"rendered":"<p>S\u00fcrekli geri besleme yapan ve termobond f\u0131r\u0131n\u0131ndan hemen sonra yerle\u015ftirien yumua\u015f ke\u00e7e kenar a\u00e7\u0131c\u0131s\u0131.<\/p>\n<p>Thermobonding (F\u0131r\u0131nlama)<\/p>\n","protected":false},"excerpt":{"rendered":"<p>S\u00fcrekli geri besleme yapan ve termobond f\u0131r\u0131n\u0131ndan hemen sonra yerle\u015ftirien yumua\u015f ke\u00e7e kenar a\u00e7\u0131c\u0131s\u0131. Thermobonding (F\u0131r\u0131nlama)<\/p>\n","protected":false},"author":1,"featured_media":1079,"parent":148,"menu_order":0,"comment_status":"closed","ping_status":"closed","template":"page-templates\/page-producto.php","meta":{"_acf_changed":false,"footnotes":""},"product_category":[57],"class_list":["post-442","page","type-page","status-publish","has-post-thumbnail","hentry","product_category-kenar-acicilar"],"acf":[],"_links":{"self":[{"href":"https:\/\/www.margasa.com\/tr\/wp-json\/wp\/v2\/pages\/442","targetHints":{"allow":["GET"]}}],"collection":[{"href":"https:\/\/www.margasa.com\/tr\/wp-json\/wp\/v2\/pages"}],"about":[{"href":"https:\/\/www.margasa.com\/tr\/wp-json\/wp\/v2\/types\/page"}],"author":[{"embeddable":true,"href":"https:\/\/www.margasa.com\/tr\/wp-json\/wp\/v2\/users\/1"}],"replies":[{"embeddable":true,"href":"https:\/\/www.margasa.com\/tr\/wp-json\/wp\/v2\/comments?post=442"}],"version-history":[{"count":4,"href":"https:\/\/www.margasa.com\/tr\/wp-json\/wp\/v2\/pages\/442\/revisions"}],"predecessor-version":[{"id":1690,"href":"https:\/\/www.margasa.com\/tr\/wp-json\/wp\/v2\/pages\/442\/revisions\/1690"}],"up":[{"embeddable":true,"href":"https:\/\/www.margasa.com\/tr\/wp-json\/wp\/v2\/pages\/148"}],"wp:featuredmedia":[{"embeddable":true,"href":"https:\/\/www.margasa.com\/tr\/wp-json\/wp\/v2\/media\/1079"}],"wp:attachment":[{"href":"https:\/\/www.margasa.com\/tr\/wp-json\/wp\/v2\/media?parent=442"}],"wp:term":[{"taxonomy":"product_category","embeddable":true,"href":"https:\/\/www.margasa.com\/tr\/wp-json\/wp\/v2\/product_category?post=442"}],"curies":[{"name":"wp","href":"https:\/\/api.w.org\/{rel}","templated":true}]}}