{"id":444,"date":"2021-10-05T08:34:07","date_gmt":"2021-10-05T08:34:07","guid":{"rendered":"https:\/\/www.margasa.com\/?page_id=444"},"modified":"2021-10-14T13:39:20","modified_gmt":"2021-10-14T13:39:20","slug":"silolu-yatay-besleme-ccs","status":"publish","type":"page","link":"https:\/\/www.margasa.com\/tr\/urunler\/tekstil-geri-donusumu\/silolu-yatay-besleme-ccs\/","title":{"rendered":"Silolu Yatay Besleme CCS"},"content":{"rendered":"<p>A\u00e7ma makineleri i\u00e7in besleme kulesi. Besledi\u011fi\u00a0 hatta 30-60 dk aras\u0131 \u00fcretim \u00f6zerkli\u011fi sa\u011flayan yedek silosuna sahiptir.<\/p>\n<p>Malzemeyi t\u00fcm \u00e7al\u0131\u015fma geni\u015fli\u011fi boyunca a\u00e7ma makinas\u0131na e\u015fit olarak besler.<\/p>\n","protected":false},"excerpt":{"rendered":"<p>A\u00e7ma makineleri i\u00e7in besleme kulesi. Besledi\u011fi\u00a0 hatta 30-60 dk aras\u0131 \u00fcretim \u00f6zerkli\u011fi sa\u011flayan yedek silosuna sahiptir. Malzemeyi t\u00fcm \u00e7al\u0131\u015fma geni\u015fli\u011fi boyunca a\u00e7ma makinas\u0131na e\u015fit olarak besler.<\/p>\n","protected":false},"author":1,"featured_media":1093,"parent":148,"menu_order":0,"comment_status":"closed","ping_status":"closed","template":"page-templates\/page-producto.php","meta":{"_acf_changed":false,"footnotes":""},"product_category":[58],"class_list":["post-444","page","type-page","status-publish","has-post-thumbnail","hentry","product_category-besleme-ve-harman"],"acf":[],"_links":{"self":[{"href":"https:\/\/www.margasa.com\/tr\/wp-json\/wp\/v2\/pages\/444","targetHints":{"allow":["GET"]}}],"collection":[{"href":"https:\/\/www.margasa.com\/tr\/wp-json\/wp\/v2\/pages"}],"about":[{"href":"https:\/\/www.margasa.com\/tr\/wp-json\/wp\/v2\/types\/page"}],"author":[{"embeddable":true,"href":"https:\/\/www.margasa.com\/tr\/wp-json\/wp\/v2\/users\/1"}],"replies":[{"embeddable":true,"href":"https:\/\/www.margasa.com\/tr\/wp-json\/wp\/v2\/comments?post=444"}],"version-history":[{"count":4,"href":"https:\/\/www.margasa.com\/tr\/wp-json\/wp\/v2\/pages\/444\/revisions"}],"predecessor-version":[{"id":1732,"href":"https:\/\/www.margasa.com\/tr\/wp-json\/wp\/v2\/pages\/444\/revisions\/1732"}],"up":[{"embeddable":true,"href":"https:\/\/www.margasa.com\/tr\/wp-json\/wp\/v2\/pages\/148"}],"wp:featuredmedia":[{"embeddable":true,"href":"https:\/\/www.margasa.com\/tr\/wp-json\/wp\/v2\/media\/1093"}],"wp:attachment":[{"href":"https:\/\/www.margasa.com\/tr\/wp-json\/wp\/v2\/media?parent=444"}],"wp:term":[{"taxonomy":"product_category","embeddable":true,"href":"https:\/\/www.margasa.com\/tr\/wp-json\/wp\/v2\/product_category?post=444"}],"curies":[{"name":"wp","href":"https:\/\/api.w.org\/{rel}","templated":true}]}}