{"id":448,"date":"2021-10-05T08:34:28","date_gmt":"2021-10-05T08:34:28","guid":{"rendered":"https:\/\/www.margasa.com\/?page_id=448"},"modified":"2021-10-14T13:42:48","modified_gmt":"2021-10-14T13:42:48","slug":"dikey-yukleyici-cvn","status":"publish","type":"page","link":"https:\/\/www.margasa.com\/tr\/urunler\/tekstil-geri-donusumu\/dikey-yukleyici-cvn\/","title":{"rendered":"Dikey Y\u00fckleyici CVN"},"content":{"rendered":"<p>Kondansat\u00f6rden doldurmal\u0131 y\u0131pratma makineleri i\u00e7in \u015farj cihaz\u0131. Malzemenin daha iyi homojenle\u015ftirilmesi i\u00e7in teslimattan \u00f6nce malzemenin \u00e7ift s\u0131k\u0131\u015ft\u0131r\u0131c\u0131s\u0131na sahiptir.<\/p>\n","protected":false},"excerpt":{"rendered":"<p>Kondansat\u00f6rden doldurmal\u0131 y\u0131pratma makineleri i\u00e7in \u015farj cihaz\u0131. Malzemenin daha iyi homojenle\u015ftirilmesi i\u00e7in teslimattan \u00f6nce malzemenin \u00e7ift s\u0131k\u0131\u015ft\u0131r\u0131c\u0131s\u0131na sahiptir.<\/p>\n","protected":false},"author":1,"featured_media":1142,"parent":148,"menu_order":0,"comment_status":"closed","ping_status":"closed","template":"page-templates\/page-producto.php","meta":{"_acf_changed":false,"footnotes":""},"product_category":[58],"class_list":["post-448","page","type-page","status-publish","has-post-thumbnail","hentry","product_category-besleme-ve-harman"],"acf":[],"_links":{"self":[{"href":"https:\/\/www.margasa.com\/tr\/wp-json\/wp\/v2\/pages\/448","targetHints":{"allow":["GET"]}}],"collection":[{"href":"https:\/\/www.margasa.com\/tr\/wp-json\/wp\/v2\/pages"}],"about":[{"href":"https:\/\/www.margasa.com\/tr\/wp-json\/wp\/v2\/types\/page"}],"author":[{"embeddable":true,"href":"https:\/\/www.margasa.com\/tr\/wp-json\/wp\/v2\/users\/1"}],"replies":[{"embeddable":true,"href":"https:\/\/www.margasa.com\/tr\/wp-json\/wp\/v2\/comments?post=448"}],"version-history":[{"count":3,"href":"https:\/\/www.margasa.com\/tr\/wp-json\/wp\/v2\/pages\/448\/revisions"}],"predecessor-version":[{"id":1709,"href":"https:\/\/www.margasa.com\/tr\/wp-json\/wp\/v2\/pages\/448\/revisions\/1709"}],"up":[{"embeddable":true,"href":"https:\/\/www.margasa.com\/tr\/wp-json\/wp\/v2\/pages\/148"}],"wp:featuredmedia":[{"embeddable":true,"href":"https:\/\/www.margasa.com\/tr\/wp-json\/wp\/v2\/media\/1142"}],"wp:attachment":[{"href":"https:\/\/www.margasa.com\/tr\/wp-json\/wp\/v2\/media?parent=448"}],"wp:term":[{"taxonomy":"product_category","embeddable":true,"href":"https:\/\/www.margasa.com\/tr\/wp-json\/wp\/v2\/product_category?post=448"}],"curies":[{"name":"wp","href":"https:\/\/api.w.org\/{rel}","templated":true}]}}