{"id":450,"date":"2021-10-05T08:34:37","date_gmt":"2021-10-05T08:34:37","guid":{"rendered":"https:\/\/www.margasa.com\/?page_id=450"},"modified":"2021-11-26T10:16:52","modified_gmt":"2021-11-26T10:16:52","slug":"doner-kesici-cmt-900","status":"publish","type":"page","link":"https:\/\/www.margasa.com\/tr\/urunler\/tekstil-geri-donusumu\/doner-kesici-cmt-900\/","title":{"rendered":"D\u00f6ner Kesici CMT-900"},"content":{"rendered":"<p>900 mm geni\u015fli\u011finde tekstil at\u0131klar\u0131 i\u00e7in d\u00f6ner kesici, opsiyonel metal dedekt\u00f6rl\u00fc, b\u0131\u00e7aklar\u0131n kolay bak\u0131m\u0131 i\u00e7in k\u0131lavuzlar \u00fczerinde hareketli giri\u015f grubu. Malzemelere g\u00f6re 5.000 Kg\/saate kadar \u00fcretim.<\/p>\n","protected":false},"excerpt":{"rendered":"<p>900 mm geni\u015fli\u011finde tekstil at\u0131klar\u0131 i\u00e7in d\u00f6ner kesici, opsiyonel metal dedekt\u00f6rl\u00fc, b\u0131\u00e7aklar\u0131n kolay bak\u0131m\u0131 i\u00e7in k\u0131lavuzlar \u00fczerinde hareketli giri\u015f grubu. Malzemelere g\u00f6re 5.000 Kg\/saate kadar \u00fcretim.<\/p>\n","protected":false},"author":1,"featured_media":1167,"parent":148,"menu_order":0,"comment_status":"closed","ping_status":"closed","template":"page-templates\/page-producto.php","meta":{"_acf_changed":false,"footnotes":""},"product_category":[60],"class_list":["post-450","page","type-page","status-publish","has-post-thumbnail","hentry","product_category-kesme-makineleri"],"acf":[],"_links":{"self":[{"href":"https:\/\/www.margasa.com\/tr\/wp-json\/wp\/v2\/pages\/450","targetHints":{"allow":["GET"]}}],"collection":[{"href":"https:\/\/www.margasa.com\/tr\/wp-json\/wp\/v2\/pages"}],"about":[{"href":"https:\/\/www.margasa.com\/tr\/wp-json\/wp\/v2\/types\/page"}],"author":[{"embeddable":true,"href":"https:\/\/www.margasa.com\/tr\/wp-json\/wp\/v2\/users\/1"}],"replies":[{"embeddable":true,"href":"https:\/\/www.margasa.com\/tr\/wp-json\/wp\/v2\/comments?post=450"}],"version-history":[{"count":4,"href":"https:\/\/www.margasa.com\/tr\/wp-json\/wp\/v2\/pages\/450\/revisions"}],"predecessor-version":[{"id":2328,"href":"https:\/\/www.margasa.com\/tr\/wp-json\/wp\/v2\/pages\/450\/revisions\/2328"}],"up":[{"embeddable":true,"href":"https:\/\/www.margasa.com\/tr\/wp-json\/wp\/v2\/pages\/148"}],"wp:featuredmedia":[{"embeddable":true,"href":"https:\/\/www.margasa.com\/tr\/wp-json\/wp\/v2\/media\/1167"}],"wp:attachment":[{"href":"https:\/\/www.margasa.com\/tr\/wp-json\/wp\/v2\/media?parent=450"}],"wp:term":[{"taxonomy":"product_category","embeddable":true,"href":"https:\/\/www.margasa.com\/tr\/wp-json\/wp\/v2\/product_category?post=450"}],"curies":[{"name":"wp","href":"https:\/\/api.w.org\/{rel}","templated":true}]}}