{"id":452,"date":"2021-10-05T08:34:48","date_gmt":"2021-10-05T08:34:48","guid":{"rendered":"https:\/\/www.margasa.com\/?page_id=452"},"modified":"2021-10-14T13:46:53","modified_gmt":"2021-10-14T13:46:53","slug":"otomatik-harman-odalari-ca","status":"publish","type":"page","link":"https:\/\/www.margasa.com\/tr\/urunler\/tekstil-geri-donusumu\/otomatik-harman-odalari-ca\/","title":{"rendered":"Otomatik Harman Odalar\u0131 CA"},"content":{"rendered":"<p>4 metreye kadar geni\u015flik ve 14 metreye kadar toplam uzunluk ile tekstil telefi veya elyaflar\u0131 i\u00e7in y\u00fcksek kapasiteli otomatik kar\u0131\u015ft\u0131rma sistemi. \u00c7ivili dikey bir has\u0131r vas\u0131tas\u0131yla malzeme \u00f6nden \u00e7\u0131kar\u0131l\u0131r.<\/p>\n","protected":false},"excerpt":{"rendered":"<p>4 metreye kadar geni\u015flik ve 14 metreye kadar toplam uzunluk ile tekstil telefi veya elyaflar\u0131 i\u00e7in y\u00fcksek kapasiteli otomatik kar\u0131\u015ft\u0131rma sistemi. \u00c7ivili dikey bir has\u0131r vas\u0131tas\u0131yla malzeme \u00f6nden \u00e7\u0131kar\u0131l\u0131r.<\/p>\n","protected":false},"author":1,"featured_media":1197,"parent":148,"menu_order":0,"comment_status":"closed","ping_status":"closed","template":"page-templates\/page-producto.php","meta":{"_acf_changed":false,"footnotes":""},"product_category":[58],"class_list":["post-452","page","type-page","status-publish","has-post-thumbnail","hentry","product_category-besleme-ve-harman"],"acf":[],"_links":{"self":[{"href":"https:\/\/www.margasa.com\/tr\/wp-json\/wp\/v2\/pages\/452","targetHints":{"allow":["GET"]}}],"collection":[{"href":"https:\/\/www.margasa.com\/tr\/wp-json\/wp\/v2\/pages"}],"about":[{"href":"https:\/\/www.margasa.com\/tr\/wp-json\/wp\/v2\/types\/page"}],"author":[{"embeddable":true,"href":"https:\/\/www.margasa.com\/tr\/wp-json\/wp\/v2\/users\/1"}],"replies":[{"embeddable":true,"href":"https:\/\/www.margasa.com\/tr\/wp-json\/wp\/v2\/comments?post=452"}],"version-history":[{"count":4,"href":"https:\/\/www.margasa.com\/tr\/wp-json\/wp\/v2\/pages\/452\/revisions"}],"predecessor-version":[{"id":1734,"href":"https:\/\/www.margasa.com\/tr\/wp-json\/wp\/v2\/pages\/452\/revisions\/1734"}],"up":[{"embeddable":true,"href":"https:\/\/www.margasa.com\/tr\/wp-json\/wp\/v2\/pages\/148"}],"wp:featuredmedia":[{"embeddable":true,"href":"https:\/\/www.margasa.com\/tr\/wp-json\/wp\/v2\/media\/1197"}],"wp:attachment":[{"href":"https:\/\/www.margasa.com\/tr\/wp-json\/wp\/v2\/media?parent=452"}],"wp:term":[{"taxonomy":"product_category","embeddable":true,"href":"https:\/\/www.margasa.com\/tr\/wp-json\/wp\/v2\/product_category?post=452"}],"curies":[{"name":"wp","href":"https:\/\/api.w.org\/{rel}","templated":true}]}}