{"id":454,"date":"2021-10-05T08:34:57","date_gmt":"2021-10-05T08:34:57","guid":{"rendered":"https:\/\/www.margasa.com\/?page_id=454"},"modified":"2021-10-14T13:48:56","modified_gmt":"2021-10-14T13:48:56","slug":"balya-presleri","status":"publish","type":"page","link":"https:\/\/www.margasa.com\/tr\/urunler\/tekstil-geri-donusumu\/balya-presleri\/","title":{"rendered":"Balya Presleri"},"content":{"rendered":"<p><b>YATAY<\/b>\u00a0veya\u00a0<b>D\u0130KEY<\/b> her t\u00fcr presi monte ediyoruz.<\/p>\n<p><b>YATAY<\/b>\u00a0presler 10 ila 40 Ton aras\u0131 bas\u0131nca sahiptir.<\/p>\n<p><b>D\u0130KEY<\/b> presler ise 25 ile 200 Ton aras\u0131 bas\u0131n\u00e7l\u0131, <b>tek veya iki kabinli<\/b>, <b>manuel veya otomatik ba\u011flamal\u0131<\/b>, elyaf balya \u00e7\u0131k\u0131\u015f\u0131nda <b>tart\u0131m sistemi<\/b> opsiyonlu, 3.000 kg\/saate kadar kapasitelidir.<\/p>\n","protected":false},"excerpt":{"rendered":"<p>YATAY\u00a0veya\u00a0D\u0130KEY her t\u00fcr presi monte ediyoruz. YATAY\u00a0presler 10 ila 40 Ton aras\u0131 bas\u0131nca sahiptir. D\u0130KEY presler ise 25 ile 200 Ton aras\u0131 bas\u0131n\u00e7l\u0131, tek veya iki kabinli, manuel veya otomatik ba\u011flamal\u0131, elyaf balya \u00e7\u0131k\u0131\u015f\u0131nda tart\u0131m sistemi opsiyonlu, 3.000 kg\/saate kadar kapasitelidir.<\/p>\n","protected":false},"author":1,"featured_media":1216,"parent":148,"menu_order":0,"comment_status":"closed","ping_status":"closed","template":"page-templates\/page-producto.php","meta":{"_acf_changed":false,"footnotes":""},"product_category":[61],"class_list":["post-454","page","type-page","status-publish","has-post-thumbnail","hentry","product_category-presler"],"acf":[],"_links":{"self":[{"href":"https:\/\/www.margasa.com\/tr\/wp-json\/wp\/v2\/pages\/454","targetHints":{"allow":["GET"]}}],"collection":[{"href":"https:\/\/www.margasa.com\/tr\/wp-json\/wp\/v2\/pages"}],"about":[{"href":"https:\/\/www.margasa.com\/tr\/wp-json\/wp\/v2\/types\/page"}],"author":[{"embeddable":true,"href":"https:\/\/www.margasa.com\/tr\/wp-json\/wp\/v2\/users\/1"}],"replies":[{"embeddable":true,"href":"https:\/\/www.margasa.com\/tr\/wp-json\/wp\/v2\/comments?post=454"}],"version-history":[{"count":4,"href":"https:\/\/www.margasa.com\/tr\/wp-json\/wp\/v2\/pages\/454\/revisions"}],"predecessor-version":[{"id":1736,"href":"https:\/\/www.margasa.com\/tr\/wp-json\/wp\/v2\/pages\/454\/revisions\/1736"}],"up":[{"embeddable":true,"href":"https:\/\/www.margasa.com\/tr\/wp-json\/wp\/v2\/pages\/148"}],"wp:featuredmedia":[{"embeddable":true,"href":"https:\/\/www.margasa.com\/tr\/wp-json\/wp\/v2\/media\/1216"}],"wp:attachment":[{"href":"https:\/\/www.margasa.com\/tr\/wp-json\/wp\/v2\/media?parent=454"}],"wp:term":[{"taxonomy":"product_category","embeddable":true,"href":"https:\/\/www.margasa.com\/tr\/wp-json\/wp\/v2\/product_category?post=454"}],"curies":[{"name":"wp","href":"https:\/\/api.w.org\/{rel}","templated":true}]}}