{"id":458,"date":"2021-10-05T08:40:10","date_gmt":"2021-10-05T08:40:10","guid":{"rendered":"https:\/\/www.margasa.com\/?page_id=458"},"modified":"2021-10-21T11:12:21","modified_gmt":"2021-10-21T11:12:21","slug":"surekli-tartimli-harman-hatti-apc-1500","status":"publish","type":"page","link":"https:\/\/www.margasa.com\/tr\/urunler\/nonwoven-airlay-feltec\/surekli-tartimli-harman-hatti-apc-1500\/","title":{"rendered":"S\u00fcrekli tart\u0131ml\u0131 Harman hatt\u0131 APC-1500"},"content":{"rendered":"<p>S\u00fcrekli malzeme tart\u0131m\u0131 ile fiber balya a\u00e7\u0131c\u0131 ve kar\u0131\u015ft\u0131r\u0131c\u0131 sistemi. Bu sistem, elyaf oranlar\u0131nda hassasiyet ve ayn\u0131 zamanda b\u00fcy\u00fck bir \u00fcretim elde edilmesini sa\u011flar.<\/p>\n<p>Farkl\u0131 kar\u0131\u015f\u0131mlar gerektiren her malzemenin form\u00fcl\u00fc ile \u00e7al\u0131\u015fmak ve bu noktada herhangi bir darbo\u011fazdan ka\u00e7\u0131narak m\u00fcmk\u00fcn olan en b\u00fcy\u00fck \u00fcretim hacmini elde etmek i\u00e7in gerekti\u011fi kadar a\u00e7\u0131c\u0131 kurabilirsiniz.<\/p>\n","protected":false},"excerpt":{"rendered":"<p>S\u00fcrekli malzeme tart\u0131m\u0131 ile fiber balya a\u00e7\u0131c\u0131 ve kar\u0131\u015ft\u0131r\u0131c\u0131 sistemi. Bu sistem, elyaf oranlar\u0131nda hassasiyet ve ayn\u0131 zamanda b\u00fcy\u00fck bir \u00fcretim elde edilmesini sa\u011flar. Farkl\u0131 kar\u0131\u015f\u0131mlar gerektiren her malzemenin form\u00fcl\u00fc ile \u00e7al\u0131\u015fmak ve bu noktada herhangi bir darbo\u011fazdan ka\u00e7\u0131narak m\u00fcmk\u00fcn olan en b\u00fcy\u00fck \u00fcretim hacmini elde etmek i\u00e7in gerekti\u011fi kadar a\u00e7\u0131c\u0131 kurabilirsiniz.<\/p>\n","protected":false},"author":1,"featured_media":1274,"parent":150,"menu_order":0,"comment_status":"closed","ping_status":"closed","template":"page-templates\/page-producto.php","meta":{"_acf_changed":false,"footnotes":""},"product_category":[62],"class_list":["post-458","page","type-page","status-publish","has-post-thumbnail","hentry","product_category-elyaf-hazirlanmasi-ve-harman"],"acf":[],"_links":{"self":[{"href":"https:\/\/www.margasa.com\/tr\/wp-json\/wp\/v2\/pages\/458","targetHints":{"allow":["GET"]}}],"collection":[{"href":"https:\/\/www.margasa.com\/tr\/wp-json\/wp\/v2\/pages"}],"about":[{"href":"https:\/\/www.margasa.com\/tr\/wp-json\/wp\/v2\/types\/page"}],"author":[{"embeddable":true,"href":"https:\/\/www.margasa.com\/tr\/wp-json\/wp\/v2\/users\/1"}],"replies":[{"embeddable":true,"href":"https:\/\/www.margasa.com\/tr\/wp-json\/wp\/v2\/comments?post=458"}],"version-history":[{"count":4,"href":"https:\/\/www.margasa.com\/tr\/wp-json\/wp\/v2\/pages\/458\/revisions"}],"predecessor-version":[{"id":1753,"href":"https:\/\/www.margasa.com\/tr\/wp-json\/wp\/v2\/pages\/458\/revisions\/1753"}],"up":[{"embeddable":true,"href":"https:\/\/www.margasa.com\/tr\/wp-json\/wp\/v2\/pages\/150"}],"wp:featuredmedia":[{"embeddable":true,"href":"https:\/\/www.margasa.com\/tr\/wp-json\/wp\/v2\/media\/1274"}],"wp:attachment":[{"href":"https:\/\/www.margasa.com\/tr\/wp-json\/wp\/v2\/media?parent=458"}],"wp:term":[{"taxonomy":"product_category","embeddable":true,"href":"https:\/\/www.margasa.com\/tr\/wp-json\/wp\/v2\/product_category?post=458"}],"curies":[{"name":"wp","href":"https:\/\/api.w.org\/{rel}","templated":true}]}}