{"id":460,"date":"2021-10-05T08:40:25","date_gmt":"2021-10-05T08:40:25","guid":{"rendered":"https:\/\/www.margasa.com\/?page_id=460"},"modified":"2021-10-21T11:17:13","modified_gmt":"2021-10-21T11:17:13","slug":"silo-abc-1500-2000-ince-acici-mcm-1500-2000","status":"publish","type":"page","link":"https:\/\/www.margasa.com\/tr\/urunler\/nonwoven-airlay-feltec\/silo-abc-1500-2000-ince-acici-mcm-1500-2000\/","title":{"rendered":"Silo ABC 1500\/2000 + \u0130nce a\u00e7\u0131c\u0131 MCM 1500\/2000"},"content":{"rendered":"<p>2.000 mm geni\u015fli\u011fe kadar olan kar\u0131\u015ft\u0131rma silosu, dikey bir \u00e7ivili has\u0131r vas\u0131tas\u0131yla malzemenin \u00e7\u0131kar\u0131lmas\u0131 ve siloya yatay tabakalar halinde beslenmesi sayesinde elyaf i\u00e7in saklama alan\u0131 (buffer) ve kar\u0131\u015ft\u0131rma sistemi g\u00f6revi g\u00f6r\u00fcr.<\/p>\n<p>Bu silo, elyaf\u0131 s\u00fcrekli ve kontroll\u00fc bir \u015fekilde ileten bir davlumbazdan beslendi\u011fi bir ince a\u00e7\u0131c\u0131 ile birlikte \u00e7al\u0131\u015fmak \u00fczere \u00f6zel olarak tasarlanm\u0131\u015ft\u0131r.<\/p>\n<p>MCM-1500\/2000 makinesiyle a\u00e7\u0131lmayan \u00f6beklerin a\u00e7\u0131lmas\u0131 veya AMU-1500\/2000 makinesiyle yumu\u015fak bir a\u00e7ma ile y\u00fcksek verimli olabilen bir ince a\u00e7\u0131m.<\/p>\n","protected":false},"excerpt":{"rendered":"<p>2.000 mm geni\u015fli\u011fe kadar olan kar\u0131\u015ft\u0131rma silosu, dikey bir \u00e7ivili has\u0131r vas\u0131tas\u0131yla malzemenin \u00e7\u0131kar\u0131lmas\u0131 ve siloya yatay tabakalar halinde beslenmesi sayesinde elyaf i\u00e7in saklama alan\u0131 (buffer) ve kar\u0131\u015ft\u0131rma sistemi g\u00f6revi g\u00f6r\u00fcr. Bu silo, elyaf\u0131 s\u00fcrekli ve kontroll\u00fc bir \u015fekilde ileten bir davlumbazdan beslendi\u011fi bir ince a\u00e7\u0131c\u0131 ile birlikte \u00e7al\u0131\u015fmak \u00fczere \u00f6zel olarak tasarlanm\u0131\u015ft\u0131r. MCM-1500\/2000 makinesiyle [&hellip;]<\/p>\n","protected":false},"author":1,"featured_media":1307,"parent":150,"menu_order":0,"comment_status":"closed","ping_status":"closed","template":"page-templates\/page-producto.php","meta":{"_acf_changed":false,"footnotes":""},"product_category":[62],"class_list":["post-460","page","type-page","status-publish","has-post-thumbnail","hentry","product_category-elyaf-hazirlanmasi-ve-harman"],"acf":[],"_links":{"self":[{"href":"https:\/\/www.margasa.com\/tr\/wp-json\/wp\/v2\/pages\/460","targetHints":{"allow":["GET"]}}],"collection":[{"href":"https:\/\/www.margasa.com\/tr\/wp-json\/wp\/v2\/pages"}],"about":[{"href":"https:\/\/www.margasa.com\/tr\/wp-json\/wp\/v2\/types\/page"}],"author":[{"embeddable":true,"href":"https:\/\/www.margasa.com\/tr\/wp-json\/wp\/v2\/users\/1"}],"replies":[{"embeddable":true,"href":"https:\/\/www.margasa.com\/tr\/wp-json\/wp\/v2\/comments?post=460"}],"version-history":[{"count":3,"href":"https:\/\/www.margasa.com\/tr\/wp-json\/wp\/v2\/pages\/460\/revisions"}],"predecessor-version":[{"id":1762,"href":"https:\/\/www.margasa.com\/tr\/wp-json\/wp\/v2\/pages\/460\/revisions\/1762"}],"up":[{"embeddable":true,"href":"https:\/\/www.margasa.com\/tr\/wp-json\/wp\/v2\/pages\/150"}],"wp:featuredmedia":[{"embeddable":true,"href":"https:\/\/www.margasa.com\/tr\/wp-json\/wp\/v2\/media\/1307"}],"wp:attachment":[{"href":"https:\/\/www.margasa.com\/tr\/wp-json\/wp\/v2\/media?parent=460"}],"wp:term":[{"taxonomy":"product_category","embeddable":true,"href":"https:\/\/www.margasa.com\/tr\/wp-json\/wp\/v2\/product_category?post=460"}],"curies":[{"name":"wp","href":"https:\/\/api.w.org\/{rel}","templated":true}]}}