{"id":466,"date":"2021-10-05T08:40:53","date_gmt":"2021-10-05T08:40:53","guid":{"rendered":"https:\/\/www.margasa.com\/?page_id=466"},"modified":"2021-10-21T11:27:01","modified_gmt":"2021-10-21T11:27:01","slug":"airlay-feltech-hava-tezgahi","status":"publish","type":"page","link":"https:\/\/www.margasa.com\/tr\/urunler\/nonwoven-airlay-feltec\/airlay-feltech-hava-tezgahi\/","title":{"rendered":"Airlay Feltech Hava Tezgah\u0131"},"content":{"rendered":"<p>Airlay Feltech Hava tezgah\u2019\u0131, tekstil, geri d\u00f6n\u00fc\u015f\u00fcm\u00fcnden gelmi\u015f elyaf veya orijinal elyafdan olu\u015fan ke\u00e7elerin \u00fcretimi i\u00e7in \u00f6zel olarak tasarlanm\u0131\u015ft\u0131r. 350 g\/m2 ile 3.500 g\/m2 aras\u0131nda de\u011fi\u015fen a\u011f\u0131rl\u0131klarda \u00fcretebilir.<\/p>\n<p>Re\u00e7inelerin kullan\u0131m\u0131 i\u00e7in uyarlanm\u0131\u015ft\u0131r.<\/p>\n<p>\u00dcretilen vatka daha sonra i\u011fneleme veya kimyasal f\u0131r\u0131nlama vas\u0131tas\u0131 ile fikse edilir b\u00f6ylece yal\u0131t\u0131m ke\u00e7eleri, yatak\/mobilya ke\u00e7eleri, filtreler, jeotekstil ke\u00e7eleri, hal\u0131 alt\u0131 vb. gibi \u00e7ok \u00e7e\u015fitli nihai \u00fcr\u00fcn elde edilebilir<\/p>\n<p>\u00dcretim: Elyaf tipine ve yo\u011funlu\u011funa ba\u011fl\u0131 olarak 3.000 kg\/saate kadar. 3.000 mm&#8217;ye kadar geni\u015flik.<\/p>\n","protected":false},"excerpt":{"rendered":"<p>Airlay Feltech Hava tezgah\u2019\u0131, tekstil, geri d\u00f6n\u00fc\u015f\u00fcm\u00fcnden gelmi\u015f elyaf veya orijinal elyafdan olu\u015fan ke\u00e7elerin \u00fcretimi i\u00e7in \u00f6zel olarak tasarlanm\u0131\u015ft\u0131r. 350 g\/m2 ile 3.500 g\/m2 aras\u0131nda de\u011fi\u015fen a\u011f\u0131rl\u0131klarda \u00fcretebilir. Re\u00e7inelerin kullan\u0131m\u0131 i\u00e7in uyarlanm\u0131\u015ft\u0131r. \u00dcretilen vatka daha sonra i\u011fneleme veya kimyasal f\u0131r\u0131nlama vas\u0131tas\u0131 ile fikse edilir b\u00f6ylece yal\u0131t\u0131m ke\u00e7eleri, yatak\/mobilya ke\u00e7eleri, filtreler, jeotekstil ke\u00e7eleri, hal\u0131 alt\u0131 vb. [&hellip;]<\/p>\n","protected":false},"author":1,"featured_media":1346,"parent":150,"menu_order":0,"comment_status":"closed","ping_status":"closed","template":"page-templates\/page-producto.php","meta":{"_acf_changed":false,"footnotes":""},"product_category":[63],"class_list":["post-466","page","type-page","status-publish","has-post-thumbnail","hentry","product_category-vatka-olusumu"],"acf":[],"_links":{"self":[{"href":"https:\/\/www.margasa.com\/tr\/wp-json\/wp\/v2\/pages\/466","targetHints":{"allow":["GET"]}}],"collection":[{"href":"https:\/\/www.margasa.com\/tr\/wp-json\/wp\/v2\/pages"}],"about":[{"href":"https:\/\/www.margasa.com\/tr\/wp-json\/wp\/v2\/types\/page"}],"author":[{"embeddable":true,"href":"https:\/\/www.margasa.com\/tr\/wp-json\/wp\/v2\/users\/1"}],"replies":[{"embeddable":true,"href":"https:\/\/www.margasa.com\/tr\/wp-json\/wp\/v2\/comments?post=466"}],"version-history":[{"count":4,"href":"https:\/\/www.margasa.com\/tr\/wp-json\/wp\/v2\/pages\/466\/revisions"}],"predecessor-version":[{"id":1787,"href":"https:\/\/www.margasa.com\/tr\/wp-json\/wp\/v2\/pages\/466\/revisions\/1787"}],"up":[{"embeddable":true,"href":"https:\/\/www.margasa.com\/tr\/wp-json\/wp\/v2\/pages\/150"}],"wp:featuredmedia":[{"embeddable":true,"href":"https:\/\/www.margasa.com\/tr\/wp-json\/wp\/v2\/media\/1346"}],"wp:attachment":[{"href":"https:\/\/www.margasa.com\/tr\/wp-json\/wp\/v2\/media?parent=466"}],"wp:term":[{"taxonomy":"product_category","embeddable":true,"href":"https:\/\/www.margasa.com\/tr\/wp-json\/wp\/v2\/product_category?post=466"}],"curies":[{"name":"wp","href":"https:\/\/api.w.org\/{rel}","templated":true}]}}