{"id":468,"date":"2021-10-05T08:41:06","date_gmt":"2021-10-05T08:41:06","guid":{"rendered":"https:\/\/www.margasa.com\/?page_id=468"},"modified":"2021-10-21T11:30:56","modified_gmt":"2021-10-21T11:30:56","slug":"recine-dozajlayici-rf","status":"publish","type":"page","link":"https:\/\/www.margasa.com\/tr\/urunler\/nonwoven-airlay-feltec\/recine-dozajlayici-rf\/","title":{"rendered":"Re\u00e7ine Dozajlay\u0131c\u0131 RF"},"content":{"rendered":"<p>Daha sonra vatka odas\u0131n\u0131n i\u00e7inde kar\u0131\u015ft\u0131r\u0131lmak \u00fczere elyaf vatkas\u0131 \u00fczerine fenolik ve epoksi re\u00e7ineleri dozajlamak \u00fczere tasarlanm\u0131\u015ft\u0131r.<\/p>\n<p>Re\u00e7ineyi BigBag\u2019lerden Hava tezgah\u0131n\u0131n geni\u015fli\u011fi boyunca da\u011f\u0131tan bir sonsuz vida ve konvey\u00f6r bant sistemi arac\u0131l\u0131\u011f\u0131yla besleme.<\/p>\n","protected":false},"excerpt":{"rendered":"<p>Daha sonra vatka odas\u0131n\u0131n i\u00e7inde kar\u0131\u015ft\u0131r\u0131lmak \u00fczere elyaf vatkas\u0131 \u00fczerine fenolik ve epoksi re\u00e7ineleri dozajlamak \u00fczere tasarlanm\u0131\u015ft\u0131r. Re\u00e7ineyi BigBag\u2019lerden Hava tezgah\u0131n\u0131n geni\u015fli\u011fi boyunca da\u011f\u0131tan bir sonsuz vida ve konvey\u00f6r bant sistemi arac\u0131l\u0131\u011f\u0131yla besleme.<\/p>\n","protected":false},"author":1,"featured_media":1375,"parent":150,"menu_order":0,"comment_status":"closed","ping_status":"closed","template":"page-templates\/page-producto.php","meta":{"_acf_changed":false,"footnotes":""},"product_category":[63],"class_list":["post-468","page","type-page","status-publish","has-post-thumbnail","hentry","product_category-vatka-olusumu"],"acf":[],"_links":{"self":[{"href":"https:\/\/www.margasa.com\/tr\/wp-json\/wp\/v2\/pages\/468","targetHints":{"allow":["GET"]}}],"collection":[{"href":"https:\/\/www.margasa.com\/tr\/wp-json\/wp\/v2\/pages"}],"about":[{"href":"https:\/\/www.margasa.com\/tr\/wp-json\/wp\/v2\/types\/page"}],"author":[{"embeddable":true,"href":"https:\/\/www.margasa.com\/tr\/wp-json\/wp\/v2\/users\/1"}],"replies":[{"embeddable":true,"href":"https:\/\/www.margasa.com\/tr\/wp-json\/wp\/v2\/comments?post=468"}],"version-history":[{"count":3,"href":"https:\/\/www.margasa.com\/tr\/wp-json\/wp\/v2\/pages\/468\/revisions"}],"predecessor-version":[{"id":1793,"href":"https:\/\/www.margasa.com\/tr\/wp-json\/wp\/v2\/pages\/468\/revisions\/1793"}],"up":[{"embeddable":true,"href":"https:\/\/www.margasa.com\/tr\/wp-json\/wp\/v2\/pages\/150"}],"wp:featuredmedia":[{"embeddable":true,"href":"https:\/\/www.margasa.com\/tr\/wp-json\/wp\/v2\/media\/1375"}],"wp:attachment":[{"href":"https:\/\/www.margasa.com\/tr\/wp-json\/wp\/v2\/media?parent=468"}],"wp:term":[{"taxonomy":"product_category","embeddable":true,"href":"https:\/\/www.margasa.com\/tr\/wp-json\/wp\/v2\/product_category?post=468"}],"curies":[{"name":"wp","href":"https:\/\/api.w.org\/{rel}","templated":true}]}}