{"id":474,"date":"2021-10-05T08:41:26","date_gmt":"2021-10-05T08:41:26","guid":{"rendered":"https:\/\/www.margasa.com\/?page_id=474"},"modified":"2021-11-02T16:05:57","modified_gmt":"2021-11-02T16:05:57","slug":"trim-kenar-acici-rto-500","status":"publish","type":"page","link":"https:\/\/www.margasa.com\/tr\/urunler\/nonwoven-airlay-feltec\/trim-kenar-acici-rto-500\/","title":{"rendered":"Trim Kenar a\u00e7\u0131c\u0131 RTO-500"},"content":{"rendered":"<p>S\u00fcrekli geri besleme yapan ve termobond f\u0131r\u0131n\u0131ndan hemen sonra yerle\u015ftirien yumua\u015f ke\u00e7e kenar a\u00e7\u0131c\u0131s\u0131.<\/p>\n<p>Thermobonding (F\u0131r\u0131nlama)<\/p>\n","protected":false},"excerpt":{"rendered":"<p>S\u00fcrekli geri besleme yapan ve termobond f\u0131r\u0131n\u0131ndan hemen sonra yerle\u015ftirien yumua\u015f ke\u00e7e kenar a\u00e7\u0131c\u0131s\u0131. Thermobonding (F\u0131r\u0131nlama)<\/p>\n","protected":false},"author":1,"featured_media":1405,"parent":150,"menu_order":0,"comment_status":"closed","ping_status":"closed","template":"page-templates\/page-producto.php","meta":{"_acf_changed":false,"footnotes":""},"product_category":[63],"class_list":["post-474","page","type-page","status-publish","has-post-thumbnail","hentry","product_category-vatka-olusumu"],"acf":[],"_links":{"self":[{"href":"https:\/\/www.margasa.com\/tr\/wp-json\/wp\/v2\/pages\/474","targetHints":{"allow":["GET"]}}],"collection":[{"href":"https:\/\/www.margasa.com\/tr\/wp-json\/wp\/v2\/pages"}],"about":[{"href":"https:\/\/www.margasa.com\/tr\/wp-json\/wp\/v2\/types\/page"}],"author":[{"embeddable":true,"href":"https:\/\/www.margasa.com\/tr\/wp-json\/wp\/v2\/users\/1"}],"replies":[{"embeddable":true,"href":"https:\/\/www.margasa.com\/tr\/wp-json\/wp\/v2\/comments?post=474"}],"version-history":[{"count":4,"href":"https:\/\/www.margasa.com\/tr\/wp-json\/wp\/v2\/pages\/474\/revisions"}],"predecessor-version":[{"id":2031,"href":"https:\/\/www.margasa.com\/tr\/wp-json\/wp\/v2\/pages\/474\/revisions\/2031"}],"up":[{"embeddable":true,"href":"https:\/\/www.margasa.com\/tr\/wp-json\/wp\/v2\/pages\/150"}],"wp:featuredmedia":[{"embeddable":true,"href":"https:\/\/www.margasa.com\/tr\/wp-json\/wp\/v2\/media\/1405"}],"wp:attachment":[{"href":"https:\/\/www.margasa.com\/tr\/wp-json\/wp\/v2\/media?parent=474"}],"wp:term":[{"taxonomy":"product_category","embeddable":true,"href":"https:\/\/www.margasa.com\/tr\/wp-json\/wp\/v2\/product_category?post=474"}],"curies":[{"name":"wp","href":"https:\/\/api.w.org\/{rel}","templated":true}]}}