{"id":476,"date":"2021-10-05T11:19:09","date_gmt":"2021-10-05T11:19:09","guid":{"rendered":"https:\/\/www.margasa.com\/?page_id=476"},"modified":"2021-10-21T11:43:40","modified_gmt":"2021-10-21T11:43:40","slug":"vatka-konsolidasyon-sistemleri","status":"publish","type":"page","link":"https:\/\/www.margasa.com\/tr\/urunler\/nonwoven-airlay-feltec\/vatka-konsolidasyon-sistemleri\/","title":{"rendered":"Vatka konsolidasyon sistemleri"},"content":{"rendered":"<p>Dokunmam\u0131\u015f kuma\u015f\u0131n temel olarak, biri mekanik, di\u011feri \u00f6zel tekstil elyaflar\u0131 ve bir de kimyasal olmak \u00fczere \u00fc\u00e7 y\u00f6ntem ile sabitlenir:<\/p>\n<ul>\n<li aria-level=\"1\">Mekanik sistem elde edilen \u00fcr\u00fcn\u00fcn yo\u011funlu\u011funa ve nihai kullan\u0131m\u0131na ba\u011fl\u0131 olarak \u00f6n i\u011fneleme ve\/veya i\u011fneleme makinelerinin kullan\u0131lmas\u0131ndan olu\u015fmaktad\u0131r.<\/li>\n<li aria-level=\"1\">\u00d6zel Eriyen lifler kullan\u0131labilir, b\u00f6ylece di\u011fer elyafla kar\u0131\u015f\u0131rlar ve f\u0131r\u0131nlama i\u015fleminde bu lifler erir ve kalan elyaf\u0131 birle\u015ftirir.<\/li>\n<li aria-level=\"1\">Elyaf konsolidasyonu i\u00e7in ba\u015fka bir y\u00f6ntem, termoset olabilen veya olmayabilen toz re\u00e7ineler (s\u0131cakta eriyen) eklemektir.<\/li>\n<\/ul>\n<p>\u00c7ok \u00e7e\u015fitli olanaklar nedeniyle, bizden talep edilen her projede bu olas\u0131l\u0131klar\u0131n her birinin kullan\u0131m\u0131n\u0131 de\u011ferlendirece\u011fiz.<\/p>\n","protected":false},"excerpt":{"rendered":"<p>Dokunmam\u0131\u015f kuma\u015f\u0131n temel olarak, biri mekanik, di\u011feri \u00f6zel tekstil elyaflar\u0131 ve bir de kimyasal olmak \u00fczere \u00fc\u00e7 y\u00f6ntem ile sabitlenir: Mekanik sistem elde edilen \u00fcr\u00fcn\u00fcn yo\u011funlu\u011funa ve nihai kullan\u0131m\u0131na ba\u011fl\u0131 olarak \u00f6n i\u011fneleme ve\/veya i\u011fneleme makinelerinin kullan\u0131lmas\u0131ndan olu\u015fmaktad\u0131r. \u00d6zel Eriyen lifler kullan\u0131labilir, b\u00f6ylece di\u011fer elyafla kar\u0131\u015f\u0131rlar ve f\u0131r\u0131nlama i\u015fleminde bu lifler erir ve kalan elyaf\u0131 [&hellip;]<\/p>\n","protected":false},"author":1,"featured_media":1397,"parent":150,"menu_order":0,"comment_status":"closed","ping_status":"closed","template":"page-templates\/page-producto.php","meta":{"_acf_changed":false,"footnotes":""},"product_category":[],"class_list":["post-476","page","type-page","status-publish","has-post-thumbnail","hentry"],"acf":[],"_links":{"self":[{"href":"https:\/\/www.margasa.com\/tr\/wp-json\/wp\/v2\/pages\/476","targetHints":{"allow":["GET"]}}],"collection":[{"href":"https:\/\/www.margasa.com\/tr\/wp-json\/wp\/v2\/pages"}],"about":[{"href":"https:\/\/www.margasa.com\/tr\/wp-json\/wp\/v2\/types\/page"}],"author":[{"embeddable":true,"href":"https:\/\/www.margasa.com\/tr\/wp-json\/wp\/v2\/users\/1"}],"replies":[{"embeddable":true,"href":"https:\/\/www.margasa.com\/tr\/wp-json\/wp\/v2\/comments?post=476"}],"version-history":[{"count":2,"href":"https:\/\/www.margasa.com\/tr\/wp-json\/wp\/v2\/pages\/476\/revisions"}],"predecessor-version":[{"id":1810,"href":"https:\/\/www.margasa.com\/tr\/wp-json\/wp\/v2\/pages\/476\/revisions\/1810"}],"up":[{"embeddable":true,"href":"https:\/\/www.margasa.com\/tr\/wp-json\/wp\/v2\/pages\/150"}],"wp:featuredmedia":[{"embeddable":true,"href":"https:\/\/www.margasa.com\/tr\/wp-json\/wp\/v2\/media\/1397"}],"wp:attachment":[{"href":"https:\/\/www.margasa.com\/tr\/wp-json\/wp\/v2\/media?parent=476"}],"wp:term":[{"taxonomy":"product_category","embeddable":true,"href":"https:\/\/www.margasa.com\/tr\/wp-json\/wp\/v2\/product_category?post=476"}],"curies":[{"name":"wp","href":"https:\/\/api.w.org\/{rel}","templated":true}]}}