{"id":480,"date":"2021-10-05T08:42:25","date_gmt":"2021-10-05T08:42:25","guid":{"rendered":"https:\/\/www.margasa.com\/?page_id=480"},"modified":"2021-10-21T13:39:29","modified_gmt":"2021-10-21T13:39:29","slug":"balya-acici-amb-1500","status":"publish","type":"page","link":"https:\/\/www.margasa.com\/tr\/urunler\/pamuk-temizleme\/balya-acici-amb-1500\/","title":{"rendered":"Balya a\u00e7\u0131c\u0131 AMB-1500"},"content":{"rendered":"<p>Pamuk temizli\u011fi hatt\u0131n\u0131n beslemesi i\u00e7in y\u00fcksek \u00fcretimli balya a\u00e7\u0131c\u0131.<\/p>\n","protected":false},"excerpt":{"rendered":"<p>Pamuk temizli\u011fi hatt\u0131n\u0131n beslemesi i\u00e7in y\u00fcksek \u00fcretimli balya a\u00e7\u0131c\u0131.<\/p>\n","protected":false},"author":1,"featured_media":1418,"parent":152,"menu_order":0,"comment_status":"closed","ping_status":"closed","template":"page-templates\/page-producto.php","meta":{"_acf_changed":false,"footnotes":""},"product_category":[],"class_list":["post-480","page","type-page","status-publish","has-post-thumbnail","hentry"],"acf":[],"_links":{"self":[{"href":"https:\/\/www.margasa.com\/tr\/wp-json\/wp\/v2\/pages\/480","targetHints":{"allow":["GET"]}}],"collection":[{"href":"https:\/\/www.margasa.com\/tr\/wp-json\/wp\/v2\/pages"}],"about":[{"href":"https:\/\/www.margasa.com\/tr\/wp-json\/wp\/v2\/types\/page"}],"author":[{"embeddable":true,"href":"https:\/\/www.margasa.com\/tr\/wp-json\/wp\/v2\/users\/1"}],"replies":[{"embeddable":true,"href":"https:\/\/www.margasa.com\/tr\/wp-json\/wp\/v2\/comments?post=480"}],"version-history":[{"count":3,"href":"https:\/\/www.margasa.com\/tr\/wp-json\/wp\/v2\/pages\/480\/revisions"}],"predecessor-version":[{"id":1822,"href":"https:\/\/www.margasa.com\/tr\/wp-json\/wp\/v2\/pages\/480\/revisions\/1822"}],"up":[{"embeddable":true,"href":"https:\/\/www.margasa.com\/tr\/wp-json\/wp\/v2\/pages\/152"}],"wp:featuredmedia":[{"embeddable":true,"href":"https:\/\/www.margasa.com\/tr\/wp-json\/wp\/v2\/media\/1418"}],"wp:attachment":[{"href":"https:\/\/www.margasa.com\/tr\/wp-json\/wp\/v2\/media?parent=480"}],"wp:term":[{"taxonomy":"product_category","embeddable":true,"href":"https:\/\/www.margasa.com\/tr\/wp-json\/wp\/v2\/product_category?post=480"}],"curies":[{"name":"wp","href":"https:\/\/api.w.org\/{rel}","templated":true}]}}