{"id":487,"date":"2021-10-21T13:44:47","date_gmt":"2021-10-21T13:44:47","guid":{"rendered":"https:\/\/www.margasa.com\/?page_id=487"},"modified":"2021-10-21T13:44:47","modified_gmt":"2021-10-21T13:44:47","slug":"doner-filtre","status":"publish","type":"page","link":"https:\/\/www.margasa.com\/tr\/urunler\/filtreleme-sistemleri\/doner-filtre\/","title":{"rendered":"D\u00f6ner filtre"},"content":{"rendered":"<p>Teknolojik havalar\u0131n ar\u0131t\u0131lmas\u0131 i\u00e7in verimli sistem.<\/p>\n<p>\u00d6N F\u0130LTRE ve F\u0130LTRE&#8217;den olu\u015fur. Teknolojik hava \u00d6N F\u0130LTRE kutusuna ula\u015f\u0131r ve buradan ince paslanmaz \u00e7elik a\u011fdan bir ekran arac\u0131l\u0131\u011f\u0131yla F\u0130LTRE&#8217;ye iletilir.<\/p>\n<p>Filtre, i\u00e7inde \u015fafta ba\u011fl\u0131 d\u00f6nen kollar\u0131n y\u00fcksek bas\u0131n\u00e7l\u0131 bir fan arac\u0131l\u0131\u011f\u0131yla tozu ve mikro tozu emdi\u011fi birka\u00e7 b\u00fcy\u00fck \u00e7apl\u0131 filtre torbas\u0131ndan olu\u015fur.<\/p>\n<p>Filtre ve \u00d6n Filtreden toplanan toz ve mikrofiberler kompakt\u00f6re al\u0131n\u0131r.<\/p>\n","protected":false},"excerpt":{"rendered":"<p>Teknolojik havalar\u0131n ar\u0131t\u0131lmas\u0131 i\u00e7in verimli sistem. \u00d6N F\u0130LTRE ve F\u0130LTRE&#8217;den olu\u015fur. Teknolojik hava \u00d6N F\u0130LTRE kutusuna ula\u015f\u0131r ve buradan ince paslanmaz \u00e7elik a\u011fdan bir ekran arac\u0131l\u0131\u011f\u0131yla F\u0130LTRE&#8217;ye iletilir. Filtre, i\u00e7inde \u015fafta ba\u011fl\u0131 d\u00f6nen kollar\u0131n y\u00fcksek bas\u0131n\u00e7l\u0131 bir fan arac\u0131l\u0131\u011f\u0131yla tozu ve mikro tozu emdi\u011fi birka\u00e7 b\u00fcy\u00fck \u00e7apl\u0131 filtre torbas\u0131ndan olu\u015fur. Filtre ve \u00d6n Filtreden toplanan [&hellip;]<\/p>\n","protected":false},"author":1,"featured_media":1457,"parent":154,"menu_order":0,"comment_status":"closed","ping_status":"closed","template":"page-templates\/page-producto.php","meta":{"_acf_changed":false,"footnotes":""},"product_category":[],"class_list":["post-487","page","type-page","status-publish","has-post-thumbnail","hentry"],"acf":[],"_links":{"self":[{"href":"https:\/\/www.margasa.com\/tr\/wp-json\/wp\/v2\/pages\/487","targetHints":{"allow":["GET"]}}],"collection":[{"href":"https:\/\/www.margasa.com\/tr\/wp-json\/wp\/v2\/pages"}],"about":[{"href":"https:\/\/www.margasa.com\/tr\/wp-json\/wp\/v2\/types\/page"}],"author":[{"embeddable":true,"href":"https:\/\/www.margasa.com\/tr\/wp-json\/wp\/v2\/users\/1"}],"replies":[{"embeddable":true,"href":"https:\/\/www.margasa.com\/tr\/wp-json\/wp\/v2\/comments?post=487"}],"version-history":[{"count":2,"href":"https:\/\/www.margasa.com\/tr\/wp-json\/wp\/v2\/pages\/487\/revisions"}],"predecessor-version":[{"id":1842,"href":"https:\/\/www.margasa.com\/tr\/wp-json\/wp\/v2\/pages\/487\/revisions\/1842"}],"up":[{"embeddable":true,"href":"https:\/\/www.margasa.com\/tr\/wp-json\/wp\/v2\/pages\/154"}],"wp:featuredmedia":[{"embeddable":true,"href":"https:\/\/www.margasa.com\/tr\/wp-json\/wp\/v2\/media\/1457"}],"wp:attachment":[{"href":"https:\/\/www.margasa.com\/tr\/wp-json\/wp\/v2\/media?parent=487"}],"wp:term":[{"taxonomy":"product_category","embeddable":true,"href":"https:\/\/www.margasa.com\/tr\/wp-json\/wp\/v2\/product_category?post=487"}],"curies":[{"name":"wp","href":"https:\/\/api.w.org\/{rel}","templated":true}]}}