{"id":488,"date":"2021-10-05T08:43:26","date_gmt":"2021-10-05T08:43:26","guid":{"rendered":"https:\/\/www.margasa.com\/?page_id=488"},"modified":"2021-10-21T13:46:24","modified_gmt":"2021-10-21T13:46:24","slug":"statik-filtre-kuleleri","status":"publish","type":"page","link":"https:\/\/www.margasa.com\/tr\/urunler\/filtreleme-sistemleri\/statik-filtre-kuleleri\/","title":{"rendered":"Statik filtre kuleleri"},"content":{"rendered":"<p>Metal yap\u0131. Toz ve mikrotozun tutulmas\u0131 i\u00e7in \u00f6zel elyaf yo\u011funlu\u011funa sahip 2,3 veya 4 adet i\u011fnelenmi\u015f polyester filtre torbalar\u0131na kadar tozla kirlenmi\u015f havan\u0131n genle\u015fme ve da\u011f\u0131t\u0131m kutusu. Filtre torbas\u0131n\u0131n alt k\u0131sm\u0131ndan kolayl\u0131kla temizlik.<\/p>\n","protected":false},"excerpt":{"rendered":"<p>Metal yap\u0131. Toz ve mikrotozun tutulmas\u0131 i\u00e7in \u00f6zel elyaf yo\u011funlu\u011funa sahip 2,3 veya 4 adet i\u011fnelenmi\u015f polyester filtre torbalar\u0131na kadar tozla kirlenmi\u015f havan\u0131n genle\u015fme ve da\u011f\u0131t\u0131m kutusu. Filtre torbas\u0131n\u0131n alt k\u0131sm\u0131ndan kolayl\u0131kla temizlik.<\/p>\n","protected":false},"author":1,"featured_media":1487,"parent":154,"menu_order":0,"comment_status":"closed","ping_status":"closed","template":"page-templates\/page-producto.php","meta":{"_acf_changed":false,"footnotes":""},"product_category":[],"class_list":["post-488","page","type-page","status-publish","has-post-thumbnail","hentry"],"acf":[],"_links":{"self":[{"href":"https:\/\/www.margasa.com\/tr\/wp-json\/wp\/v2\/pages\/488","targetHints":{"allow":["GET"]}}],"collection":[{"href":"https:\/\/www.margasa.com\/tr\/wp-json\/wp\/v2\/pages"}],"about":[{"href":"https:\/\/www.margasa.com\/tr\/wp-json\/wp\/v2\/types\/page"}],"author":[{"embeddable":true,"href":"https:\/\/www.margasa.com\/tr\/wp-json\/wp\/v2\/users\/1"}],"replies":[{"embeddable":true,"href":"https:\/\/www.margasa.com\/tr\/wp-json\/wp\/v2\/comments?post=488"}],"version-history":[{"count":3,"href":"https:\/\/www.margasa.com\/tr\/wp-json\/wp\/v2\/pages\/488\/revisions"}],"predecessor-version":[{"id":1849,"href":"https:\/\/www.margasa.com\/tr\/wp-json\/wp\/v2\/pages\/488\/revisions\/1849"}],"up":[{"embeddable":true,"href":"https:\/\/www.margasa.com\/tr\/wp-json\/wp\/v2\/pages\/154"}],"wp:featuredmedia":[{"embeddable":true,"href":"https:\/\/www.margasa.com\/tr\/wp-json\/wp\/v2\/media\/1487"}],"wp:attachment":[{"href":"https:\/\/www.margasa.com\/tr\/wp-json\/wp\/v2\/media?parent=488"}],"wp:term":[{"taxonomy":"product_category","embeddable":true,"href":"https:\/\/www.margasa.com\/tr\/wp-json\/wp\/v2\/product_category?post=488"}],"curies":[{"name":"wp","href":"https:\/\/api.w.org\/{rel}","templated":true}]}}