{"id":490,"date":"2021-10-05T11:21:37","date_gmt":"2021-10-05T11:21:37","guid":{"rendered":"https:\/\/www.margasa.com\/?page_id=490"},"modified":"2021-10-21T13:47:26","modified_gmt":"2021-10-21T13:47:26","slug":"bicak-bileyici-makine","status":"publish","type":"page","link":"https:\/\/www.margasa.com\/tr\/urunler\/aksesuarlar\/bicak-bileyici-makine\/","title":{"rendered":"B\u0131\u00e7ak bileyici makine"},"content":{"rendered":"<p>Kesici b\u0131\u00e7aklar\u0131 bileme makinesi CMT. 1.000 mm.\u2019ye kadar \u00e7al\u0131\u015fma geni\u015fli\u011fi<\/p>\n","protected":false},"excerpt":{"rendered":"<p>Kesici b\u0131\u00e7aklar\u0131 bileme makinesi CMT. 1.000 mm.\u2019ye kadar \u00e7al\u0131\u015fma geni\u015fli\u011fi<\/p>\n","protected":false},"author":1,"featured_media":1500,"parent":156,"menu_order":0,"comment_status":"closed","ping_status":"closed","template":"page-templates\/page-producto.php","meta":{"_acf_changed":false,"footnotes":""},"product_category":[],"class_list":["post-490","page","type-page","status-publish","has-post-thumbnail","hentry"],"acf":[],"_links":{"self":[{"href":"https:\/\/www.margasa.com\/tr\/wp-json\/wp\/v2\/pages\/490","targetHints":{"allow":["GET"]}}],"collection":[{"href":"https:\/\/www.margasa.com\/tr\/wp-json\/wp\/v2\/pages"}],"about":[{"href":"https:\/\/www.margasa.com\/tr\/wp-json\/wp\/v2\/types\/page"}],"author":[{"embeddable":true,"href":"https:\/\/www.margasa.com\/tr\/wp-json\/wp\/v2\/users\/1"}],"replies":[{"embeddable":true,"href":"https:\/\/www.margasa.com\/tr\/wp-json\/wp\/v2\/comments?post=490"}],"version-history":[{"count":2,"href":"https:\/\/www.margasa.com\/tr\/wp-json\/wp\/v2\/pages\/490\/revisions"}],"predecessor-version":[{"id":1852,"href":"https:\/\/www.margasa.com\/tr\/wp-json\/wp\/v2\/pages\/490\/revisions\/1852"}],"up":[{"embeddable":true,"href":"https:\/\/www.margasa.com\/tr\/wp-json\/wp\/v2\/pages\/156"}],"wp:featuredmedia":[{"embeddable":true,"href":"https:\/\/www.margasa.com\/tr\/wp-json\/wp\/v2\/media\/1500"}],"wp:attachment":[{"href":"https:\/\/www.margasa.com\/tr\/wp-json\/wp\/v2\/media?parent=490"}],"wp:term":[{"taxonomy":"product_category","embeddable":true,"href":"https:\/\/www.margasa.com\/tr\/wp-json\/wp\/v2\/product_category?post=490"}],"curies":[{"name":"wp","href":"https:\/\/api.w.org\/{rel}","templated":true}]}}