{"id":494,"date":"2021-10-05T11:22:00","date_gmt":"2021-10-05T11:22:00","guid":{"rendered":"https:\/\/www.margasa.com\/?page_id=494"},"modified":"2021-10-21T13:49:07","modified_gmt":"2021-10-21T13:49:07","slug":"dirsek-miknatis","status":"publish","type":"page","link":"https:\/\/www.margasa.com\/tr\/urunler\/aksesuarlar\/dirsek-miknatis\/","title":{"rendered":"Dirsek M\u0131knat\u0131s"},"content":{"rendered":"<p>Pn\u00f6matik malzeme hatlar\u0131ndaki demirli cisimleri \u00e7\u0131karmak i\u00e7in kolayca eri\u015filebilen iki veya \u00fc\u00e7 sabit m\u0131knat\u0131sl\u0131 \u00f6zel kanal.<\/p>\n","protected":false},"excerpt":{"rendered":"<p>Pn\u00f6matik malzeme hatlar\u0131ndaki demirli cisimleri \u00e7\u0131karmak i\u00e7in kolayca eri\u015filebilen iki veya \u00fc\u00e7 sabit m\u0131knat\u0131sl\u0131 \u00f6zel kanal.<\/p>\n","protected":false},"author":1,"featured_media":1510,"parent":156,"menu_order":0,"comment_status":"closed","ping_status":"closed","template":"page-templates\/page-producto.php","meta":{"_acf_changed":false,"footnotes":""},"product_category":[],"class_list":["post-494","page","type-page","status-publish","has-post-thumbnail","hentry"],"acf":[],"_links":{"self":[{"href":"https:\/\/www.margasa.com\/tr\/wp-json\/wp\/v2\/pages\/494","targetHints":{"allow":["GET"]}}],"collection":[{"href":"https:\/\/www.margasa.com\/tr\/wp-json\/wp\/v2\/pages"}],"about":[{"href":"https:\/\/www.margasa.com\/tr\/wp-json\/wp\/v2\/types\/page"}],"author":[{"embeddable":true,"href":"https:\/\/www.margasa.com\/tr\/wp-json\/wp\/v2\/users\/1"}],"replies":[{"embeddable":true,"href":"https:\/\/www.margasa.com\/tr\/wp-json\/wp\/v2\/comments?post=494"}],"version-history":[{"count":2,"href":"https:\/\/www.margasa.com\/tr\/wp-json\/wp\/v2\/pages\/494\/revisions"}],"predecessor-version":[{"id":1858,"href":"https:\/\/www.margasa.com\/tr\/wp-json\/wp\/v2\/pages\/494\/revisions\/1858"}],"up":[{"embeddable":true,"href":"https:\/\/www.margasa.com\/tr\/wp-json\/wp\/v2\/pages\/156"}],"wp:featuredmedia":[{"embeddable":true,"href":"https:\/\/www.margasa.com\/tr\/wp-json\/wp\/v2\/media\/1510"}],"wp:attachment":[{"href":"https:\/\/www.margasa.com\/tr\/wp-json\/wp\/v2\/media?parent=494"}],"wp:term":[{"taxonomy":"product_category","embeddable":true,"href":"https:\/\/www.margasa.com\/tr\/wp-json\/wp\/v2\/product_category?post=494"}],"curies":[{"name":"wp","href":"https:\/\/api.w.org\/{rel}","templated":true}]}}