{"id":496,"date":"2021-10-05T08:44:16","date_gmt":"2021-10-05T08:44:16","guid":{"rendered":"https:\/\/www.margasa.com\/?page_id=496"},"modified":"2021-10-21T13:50:29","modified_gmt":"2021-10-21T13:50:29","slug":"kondenser-ct-ve-co","status":"publish","type":"page","link":"https:\/\/www.margasa.com\/tr\/urunler\/aksesuarlar\/kondenser-ct-ve-co\/","title":{"rendered":"Kondenser CT ve CO"},"content":{"rendered":"<p>Y\u00fcksek derecede toz ve mikro toz giderme \u00f6zelli\u011fine sahip elyaf veya tekstil at\u0131klar\u0131n\u0131n pn\u00f6matik beslenmesi i\u00e7in makine. 2.000 mm&#8217;ye kadar \u00e7al\u0131\u015fma geni\u015fli\u011fi.<\/p>\n","protected":false},"excerpt":{"rendered":"<p>Y\u00fcksek derecede toz ve mikro toz giderme \u00f6zelli\u011fine sahip elyaf veya tekstil at\u0131klar\u0131n\u0131n pn\u00f6matik beslenmesi i\u00e7in makine. 2.000 mm&#8217;ye kadar \u00e7al\u0131\u015fma geni\u015fli\u011fi.<\/p>\n","protected":false},"author":1,"featured_media":1521,"parent":156,"menu_order":0,"comment_status":"closed","ping_status":"closed","template":"page-templates\/page-producto.php","meta":{"_acf_changed":false,"footnotes":""},"product_category":[],"class_list":["post-496","page","type-page","status-publish","has-post-thumbnail","hentry"],"acf":[],"_links":{"self":[{"href":"https:\/\/www.margasa.com\/tr\/wp-json\/wp\/v2\/pages\/496","targetHints":{"allow":["GET"]}}],"collection":[{"href":"https:\/\/www.margasa.com\/tr\/wp-json\/wp\/v2\/pages"}],"about":[{"href":"https:\/\/www.margasa.com\/tr\/wp-json\/wp\/v2\/types\/page"}],"author":[{"embeddable":true,"href":"https:\/\/www.margasa.com\/tr\/wp-json\/wp\/v2\/users\/1"}],"replies":[{"embeddable":true,"href":"https:\/\/www.margasa.com\/tr\/wp-json\/wp\/v2\/comments?post=496"}],"version-history":[{"count":5,"href":"https:\/\/www.margasa.com\/tr\/wp-json\/wp\/v2\/pages\/496\/revisions"}],"predecessor-version":[{"id":1866,"href":"https:\/\/www.margasa.com\/tr\/wp-json\/wp\/v2\/pages\/496\/revisions\/1866"}],"up":[{"embeddable":true,"href":"https:\/\/www.margasa.com\/tr\/wp-json\/wp\/v2\/pages\/156"}],"wp:featuredmedia":[{"embeddable":true,"href":"https:\/\/www.margasa.com\/tr\/wp-json\/wp\/v2\/media\/1521"}],"wp:attachment":[{"href":"https:\/\/www.margasa.com\/tr\/wp-json\/wp\/v2\/media?parent=496"}],"wp:term":[{"taxonomy":"product_category","embeddable":true,"href":"https:\/\/www.margasa.com\/tr\/wp-json\/wp\/v2\/product_category?post=496"}],"curies":[{"name":"wp","href":"https:\/\/api.w.org\/{rel}","templated":true}]}}